{"id":2529,"date":"2024-05-29T13:45:49","date_gmt":"2024-05-29T11:45:49","guid":{"rendered":"https:\/\/www.electron.sk\/?post_type=product&#038;p=2529"},"modified":"2025-06-04T12:58:03","modified_gmt":"2025-06-04T10:58:03","slug":"izo5000bat","status":"publish","type":"product","link":"https:\/\/www.electron.sk\/?product=izo5000bat","title":{"rendered":"IZO5000BAT"},"content":{"rendered":"<p>Sada 10ks NiMh dob\u00edjac\u00edch akumul\u00e1torov<\/p>\n<p>Pr\u00edslu\u0161enstvo k merac\u00edm pr\u00edstrojom:<\/p>\n<p>&#8211; IZO 5000PC<\/p>\n","protected":false},"excerpt":{"rendered":"<p>Bat\u00e9rie pre IZO 5000PC<\/p>\n","protected":false},"featured_media":0,"comment_status":"closed","ping_status":"closed","template":"","meta":[],"product_brand":[],"product_cat":[47],"product_tag":[],"class_list":{"0":"post-2529","1":"product","2":"type-product","3":"status-publish","5":"product_cat-prislusenstvo","7":"first","8":"instock","9":"taxable","10":"shipping-taxable","11":"purchasable","12":"product-type-simple"},"_links":{"self":[{"href":"https:\/\/www.electron.sk\/index.php?rest_route=\/wp\/v2\/product\/2529","targetHints":{"allow":["GET"]}}],"collection":[{"href":"https:\/\/www.electron.sk\/index.php?rest_route=\/wp\/v2\/product"}],"about":[{"href":"https:\/\/www.electron.sk\/index.php?rest_route=\/wp\/v2\/types\/product"}],"replies":[{"embeddable":true,"href":"https:\/\/www.electron.sk\/index.php?rest_route=%2Fwp%2Fv2%2Fcomments&post=2529"}],"wp:attachment":[{"href":"https:\/\/www.electron.sk\/index.php?rest_route=%2Fwp%2Fv2%2Fmedia&parent=2529"}],"wp:term":[{"taxonomy":"product_brand","embeddable":true,"href":"https:\/\/www.electron.sk\/index.php?rest_route=%2Fwp%2Fv2%2Fproduct_brand&post=2529"},{"taxonomy":"product_cat","embeddable":true,"href":"https:\/\/www.electron.sk\/index.php?rest_route=%2Fwp%2Fv2%2Fproduct_cat&post=2529"},{"taxonomy":"product_tag","embeddable":true,"href":"https:\/\/www.electron.sk\/index.php?rest_route=%2Fwp%2Fv2%2Fproduct_tag&post=2529"}],"curies":[{"name":"wp","href":"https:\/\/api.w.org\/{rel}","templated":true}]}}