{"id":2528,"date":"2024-05-29T13:43:23","date_gmt":"2024-05-29T11:43:23","guid":{"rendered":"https:\/\/www.electron.sk\/?post_type=product&#038;p=2528"},"modified":"2025-06-04T12:58:18","modified_gmt":"2025-06-04T10:58:18","slug":"izo-unibat","status":"publish","type":"product","link":"https:\/\/www.electron.sk\/?product=izo-unibat","title":{"rendered":"IZO\/UNIBAT"},"content":{"rendered":"<p>Sada 6ks NiMh dob\u00edjac\u00edch akumul\u00e1torov<\/p>\n<p>Pr\u00edslu\u0161enstvo k merac\u00edm pr\u00edstrojom:<\/p>\n<p>&#8211; UNIMER07<\/p>\n<p>-IZO 1500PC<\/p>\n<p>-IZO 2500PC<\/p>\n<p>&nbsp;<\/p>\n","protected":false},"excerpt":{"rendered":"<p>Bat\u00e9rie pre UNIMER07, IZO1500PC, IZO2500PC<\/p>\n","protected":false},"featured_media":2659,"comment_status":"closed","ping_status":"closed","template":"","meta":[],"product_brand":[],"product_cat":[47],"product_tag":[],"class_list":{"0":"post-2528","1":"product","2":"type-product","3":"status-publish","4":"has-post-thumbnail","6":"product_cat-prislusenstvo","8":"first","9":"instock","10":"taxable","11":"shipping-taxable","12":"purchasable","13":"product-type-simple"},"_links":{"self":[{"href":"https:\/\/www.electron.sk\/index.php?rest_route=\/wp\/v2\/product\/2528","targetHints":{"allow":["GET"]}}],"collection":[{"href":"https:\/\/www.electron.sk\/index.php?rest_route=\/wp\/v2\/product"}],"about":[{"href":"https:\/\/www.electron.sk\/index.php?rest_route=\/wp\/v2\/types\/product"}],"replies":[{"embeddable":true,"href":"https:\/\/www.electron.sk\/index.php?rest_route=%2Fwp%2Fv2%2Fcomments&post=2528"}],"wp:featuredmedia":[{"embeddable":true,"href":"https:\/\/www.electron.sk\/index.php?rest_route=\/wp\/v2\/media\/2659"}],"wp:attachment":[{"href":"https:\/\/www.electron.sk\/index.php?rest_route=%2Fwp%2Fv2%2Fmedia&parent=2528"}],"wp:term":[{"taxonomy":"product_brand","embeddable":true,"href":"https:\/\/www.electron.sk\/index.php?rest_route=%2Fwp%2Fv2%2Fproduct_brand&post=2528"},{"taxonomy":"product_cat","embeddable":true,"href":"https:\/\/www.electron.sk\/index.php?rest_route=%2Fwp%2Fv2%2Fproduct_cat&post=2528"},{"taxonomy":"product_tag","embeddable":true,"href":"https:\/\/www.electron.sk\/index.php?rest_route=%2Fwp%2Fv2%2Fproduct_tag&post=2528"}],"curies":[{"name":"wp","href":"https:\/\/api.w.org\/{rel}","templated":true}]}}