{"id":2525,"date":"2024-05-29T13:35:50","date_gmt":"2024-05-29T11:35:50","guid":{"rendered":"https:\/\/www.electron.sk\/?post_type=product&#038;p=2525"},"modified":"2025-06-04T12:59:04","modified_gmt":"2025-06-04T10:59:04","slug":"szo-3","status":"publish","type":"product","link":"https:\/\/www.electron.sk\/?product=szo-3","title":{"rendered":"SZO-3"},"content":{"rendered":"<p>Sada na zemn\u00e9 odpory 3-vodi\u010dov\u00e1 pre pr\u00edstroje ELECTRON.<\/p>\n<p>Pr\u00edslu\u0161enstvo pre pr\u00edstroje:<\/p>\n<p>-UNIMER 03<\/p>\n<p>-UNIMER 09<\/p>\n<p>-UNIMER 09 Profi<\/p>\n","protected":false},"excerpt":{"rendered":"<p>Sada na zemn\u00e9 odpory 3-vodic\u010dov\u00e1<\/p>\n","protected":false},"featured_media":2537,"comment_status":"closed","ping_status":"closed","template":"","meta":[],"product_brand":[],"product_cat":[47],"product_tag":[],"class_list":{"0":"post-2525","1":"product","2":"type-product","3":"status-publish","4":"has-post-thumbnail","6":"product_cat-prislusenstvo","8":"first","9":"instock","10":"taxable","11":"shipping-taxable","12":"purchasable","13":"product-type-simple"},"_links":{"self":[{"href":"https:\/\/www.electron.sk\/index.php?rest_route=\/wp\/v2\/product\/2525","targetHints":{"allow":["GET"]}}],"collection":[{"href":"https:\/\/www.electron.sk\/index.php?rest_route=\/wp\/v2\/product"}],"about":[{"href":"https:\/\/www.electron.sk\/index.php?rest_route=\/wp\/v2\/types\/product"}],"replies":[{"embeddable":true,"href":"https:\/\/www.electron.sk\/index.php?rest_route=%2Fwp%2Fv2%2Fcomments&post=2525"}],"wp:featuredmedia":[{"embeddable":true,"href":"https:\/\/www.electron.sk\/index.php?rest_route=\/wp\/v2\/media\/2537"}],"wp:attachment":[{"href":"https:\/\/www.electron.sk\/index.php?rest_route=%2Fwp%2Fv2%2Fmedia&parent=2525"}],"wp:term":[{"taxonomy":"product_brand","embeddable":true,"href":"https:\/\/www.electron.sk\/index.php?rest_route=%2Fwp%2Fv2%2Fproduct_brand&post=2525"},{"taxonomy":"product_cat","embeddable":true,"href":"https:\/\/www.electron.sk\/index.php?rest_route=%2Fwp%2Fv2%2Fproduct_cat&post=2525"},{"taxonomy":"product_tag","embeddable":true,"href":"https:\/\/www.electron.sk\/index.php?rest_route=%2Fwp%2Fv2%2Fproduct_tag&post=2525"}],"curies":[{"name":"wp","href":"https:\/\/api.w.org\/{rel}","templated":true}]}}