{"id":2524,"date":"2024-05-29T13:33:29","date_gmt":"2024-05-29T11:33:29","guid":{"rendered":"https:\/\/www.electron.sk\/?post_type=product&#038;p=2524"},"modified":"2025-06-04T12:59:15","modified_gmt":"2025-06-04T10:59:15","slug":"uni-3p","status":"publish","type":"product","link":"https:\/\/www.electron.sk\/?product=uni-3p","title":{"rendered":"UNI 3P"},"content":{"rendered":"<p>Merac\u00ed pr\u00edvod 3-polov\u00fd k pr\u00edstrojom firmy ELECTRON.<\/p>\n<p>Jeden koniec: Konektor pre UNIMER<\/p>\n<p>Druh\u00fd koniec: Z\u00e1str\u010dka (2P+PE)<\/p>\n<p>D\u013a\u017eka: 140cm<\/p>\n<p>Pr\u00edslu\u0161enstvo pre pr\u00edstroje:<\/p>\n<p>-UNIMER02<\/p>\n<p>-UNIMER03<\/p>\n<p>-UNIMER08<\/p>\n<p>-UNIMER09<\/p>\n","protected":false},"excerpt":{"rendered":"<p>Merac\u00ed pr\u00edvod 3-polov\u00fd pre UNIMER<\/p>\n","protected":false},"featured_media":2536,"comment_status":"closed","ping_status":"closed","template":"","meta":[],"product_brand":[],"product_cat":[47],"product_tag":[],"class_list":{"0":"post-2524","1":"product","2":"type-product","3":"status-publish","4":"has-post-thumbnail","6":"product_cat-prislusenstvo","8":"first","9":"instock","10":"taxable","11":"shipping-taxable","12":"purchasable","13":"product-type-simple"},"_links":{"self":[{"href":"https:\/\/www.electron.sk\/index.php?rest_route=\/wp\/v2\/product\/2524","targetHints":{"allow":["GET"]}}],"collection":[{"href":"https:\/\/www.electron.sk\/index.php?rest_route=\/wp\/v2\/product"}],"about":[{"href":"https:\/\/www.electron.sk\/index.php?rest_route=\/wp\/v2\/types\/product"}],"replies":[{"embeddable":true,"href":"https:\/\/www.electron.sk\/index.php?rest_route=%2Fwp%2Fv2%2Fcomments&post=2524"}],"wp:featuredmedia":[{"embeddable":true,"href":"https:\/\/www.electron.sk\/index.php?rest_route=\/wp\/v2\/media\/2536"}],"wp:attachment":[{"href":"https:\/\/www.electron.sk\/index.php?rest_route=%2Fwp%2Fv2%2Fmedia&parent=2524"}],"wp:term":[{"taxonomy":"product_brand","embeddable":true,"href":"https:\/\/www.electron.sk\/index.php?rest_route=%2Fwp%2Fv2%2Fproduct_brand&post=2524"},{"taxonomy":"product_cat","embeddable":true,"href":"https:\/\/www.electron.sk\/index.php?rest_route=%2Fwp%2Fv2%2Fproduct_cat&post=2524"},{"taxonomy":"product_tag","embeddable":true,"href":"https:\/\/www.electron.sk\/index.php?rest_route=%2Fwp%2Fv2%2Fproduct_tag&post=2524"}],"curies":[{"name":"wp","href":"https:\/\/api.w.org\/{rel}","templated":true}]}}