{"id":2232,"date":"2024-03-28T13:33:50","date_gmt":"2024-03-28T12:33:50","guid":{"rendered":"https:\/\/www.electron.sk\/?post_type=product&#038;p=2232"},"modified":"2024-09-01T00:26:11","modified_gmt":"2024-08-31T22:26:11","slug":"mini-02","status":"publish","type":"product","link":"https:\/\/www.electron.sk\/?product=mini-02","title":{"rendered":"MINI-02"},"content":{"rendered":"<p>Popis pr\u00edstroja: meria LOOP do 20,0 ohm, skrat.pr\u00fad do 10kA, odpor<br \/>\nuzemnenia n\u00e1hradnou met\u00f3dou<\/p>\n<p><a href=\"https:\/\/www.electron.sk\/wp-content\/uploads\/2024\/03\/MINI-02.pdf\" target=\"_blank\" rel=\"noopener\">N\u00e1vod na stiahnutie<\/a><\/p>\n","protected":false},"excerpt":{"rendered":"<p>Popis pr\u00edstroja: meria LOOP do 20,0 ohm, skrat.pr\u00fad do 10kA, odpor uzemnenia n\u00e1hradnou met\u00f3dou N\u00e1vod na stiahnutie<\/p>\n","protected":false},"featured_media":2477,"comment_status":"open","ping_status":"closed","template":"","meta":[],"product_brand":[],"product_cat":[37],"product_tag":[61,62,63],"class_list":{"0":"post-2232","1":"product","2":"type-product","3":"status-publish","4":"has-post-thumbnail","6":"product_cat-meranie-impedancie-ochrannej-slucky","7":"product_tag-impedancia","8":"product_tag-ochranna-slucka","9":"product_tag-smycka","11":"first","12":"instock","13":"taxable","14":"shipping-taxable","15":"purchasable","16":"product-type-simple"},"_links":{"self":[{"href":"https:\/\/www.electron.sk\/index.php?rest_route=\/wp\/v2\/product\/2232","targetHints":{"allow":["GET"]}}],"collection":[{"href":"https:\/\/www.electron.sk\/index.php?rest_route=\/wp\/v2\/product"}],"about":[{"href":"https:\/\/www.electron.sk\/index.php?rest_route=\/wp\/v2\/types\/product"}],"replies":[{"embeddable":true,"href":"https:\/\/www.electron.sk\/index.php?rest_route=%2Fwp%2Fv2%2Fcomments&post=2232"}],"wp:featuredmedia":[{"embeddable":true,"href":"https:\/\/www.electron.sk\/index.php?rest_route=\/wp\/v2\/media\/2477"}],"wp:attachment":[{"href":"https:\/\/www.electron.sk\/index.php?rest_route=%2Fwp%2Fv2%2Fmedia&parent=2232"}],"wp:term":[{"taxonomy":"product_brand","embeddable":true,"href":"https:\/\/www.electron.sk\/index.php?rest_route=%2Fwp%2Fv2%2Fproduct_brand&post=2232"},{"taxonomy":"product_cat","embeddable":true,"href":"https:\/\/www.electron.sk\/index.php?rest_route=%2Fwp%2Fv2%2Fproduct_cat&post=2232"},{"taxonomy":"product_tag","embeddable":true,"href":"https:\/\/www.electron.sk\/index.php?rest_route=%2Fwp%2Fv2%2Fproduct_tag&post=2232"}],"curies":[{"name":"wp","href":"https:\/\/api.w.org\/{rel}","templated":true}]}}