{"id":2230,"date":"2024-03-28T13:18:46","date_gmt":"2024-03-28T12:18:46","guid":{"rendered":"https:\/\/www.electron.sk\/?post_type=product&#038;p=2230"},"modified":"2025-06-09T09:54:15","modified_gmt":"2025-06-09T07:54:15","slug":"unimer-03","status":"publish","type":"product","link":"https:\/\/www.electron.sk\/?product=unimer-03","title":{"rendered":"UNIMER 03"},"content":{"rendered":"<p><strong>UNIMER 03 meria:<\/strong><\/p>\n<p>-izola\u010dn\u00fd odpor RISO prednastaven\u00fdm merac\u00edm nap\u00e4t\u00edm: 100 V, 250 V, 500 V a 1000 V<\/p>\n<p>-izola\u010dn\u00fd odpor RISO\u00a0 plynule nastavite\u013en\u00fdm merac\u00edm nap\u00e4t\u00edm v rozsahu: 50 a\u017e 1000 V<\/p>\n<p>-elektrick\u00fa pevnos\u0165 (test varistorov) VAR merac\u00edm nap\u00e4t\u00edm: 1000 V DC<\/p>\n<p>-meranie priechodov\u00fdch odporov R merac\u00edm pr\u00fadom 200 mA, DC<\/p>\n<p>-zemn\u00fd odpor Re do 10 koHm<\/p>\n<p>-striedav\u00e9 nap\u00e4tie do 750 V, s\u00ednusov\u00e9ho priebehu<\/p>\n<p>-jednosmern\u00e9 nap\u00e4tie do 1000 V<\/p>\n<p>-pomocou sondy LUX je mo\u017en\u00e9 mera\u0165 osvetlenie a\u017e do 50 000 lux<\/p>\n<p>&nbsp;<\/p>\n<p><strong>Rozsah dod\u00e1vky<\/strong><\/p>\n<p>\u2022 pr\u00edstroj UNIMER 03<\/p>\n<p>\u2022 bra\u0161\u0148a na pr\u00edstroj a pr\u00edslu\u0161enstvo<\/p>\n<p>\u2022 merac\u00ed pr\u00edvod pre dvojp\u00f3lov\u00e9 merania UNI 2P<\/p>\n<p>\u2022 sada sond pre meranie zemn\u00fdch odporov (20 m)\u00a0 SZO-3<\/p>\n<p>\u2022 n\u00e1suvna krokosvorka &#8211; 1 ks<\/p>\n<p>\u2022 zabudovan\u00e9 Li-lon bat\u00e9rie<\/p>\n<p>\u2022 dob\u00edjac\u00ed adapt\u00e9r ZS 12<\/p>\n<p>\u2022 z\u00e1ru\u010dn\u00fd list<\/p>\n<p>\u2022 n\u00e1vod na obsluhu<\/p>\n<p>&nbsp;<\/p>\n<p><a href=\"https:\/\/www.electron.sk\/wp-content\/uploads\/2024\/03\/UNIMER-03.pdf\" target=\"_blank\" rel=\"noopener\">N\u00e1vod na stiahnutie<\/a><\/p>\n","protected":false},"excerpt":{"rendered":"<p>UNIMER 03 meria: -izola\u010dn\u00fd odpor RISO prednastaven\u00fdm merac\u00edm nap\u00e4t\u00edm: 100 V, 250 V, 500 V a 1000 V -izola\u010dn\u00fd odpor RISO\u00a0 plynule nastavite\u013en\u00fdm merac\u00edm nap\u00e4t\u00edm v rozsahu: 50 a\u017e 1000 V -elektrick\u00fa pevnos\u0165 (test varistorov) VAR merac\u00edm nap\u00e4t\u00edm: 1000 V DC -meranie priechodov\u00fdch odporov R merac\u00edm pr\u00fadom 200 mA, DC -zemn\u00fd odpor Re do 10&hellip;<\/p>\n","protected":false},"featured_media":2702,"comment_status":"closed","ping_status":"closed","template":"","meta":[],"product_brand":[],"product_cat":[34],"product_tag":[],"class_list":{"0":"post-2230","1":"product","2":"type-product","3":"status-publish","4":"has-post-thumbnail","6":"product_cat-zdruzene-revizne-pristroje","8":"first","9":"instock","10":"taxable","11":"shipping-taxable","12":"purchasable","13":"product-type-simple"},"_links":{"self":[{"href":"https:\/\/www.electron.sk\/index.php?rest_route=\/wp\/v2\/product\/2230","targetHints":{"allow":["GET"]}}],"collection":[{"href":"https:\/\/www.electron.sk\/index.php?rest_route=\/wp\/v2\/product"}],"about":[{"href":"https:\/\/www.electron.sk\/index.php?rest_route=\/wp\/v2\/types\/product"}],"replies":[{"embeddable":true,"href":"https:\/\/www.electron.sk\/index.php?rest_route=%2Fwp%2Fv2%2Fcomments&post=2230"}],"wp:featuredmedia":[{"embeddable":true,"href":"https:\/\/www.electron.sk\/index.php?rest_route=\/wp\/v2\/media\/2702"}],"wp:attachment":[{"href":"https:\/\/www.electron.sk\/index.php?rest_route=%2Fwp%2Fv2%2Fmedia&parent=2230"}],"wp:term":[{"taxonomy":"product_brand","embeddable":true,"href":"https:\/\/www.electron.sk\/index.php?rest_route=%2Fwp%2Fv2%2Fproduct_brand&post=2230"},{"taxonomy":"product_cat","embeddable":true,"href":"https:\/\/www.electron.sk\/index.php?rest_route=%2Fwp%2Fv2%2Fproduct_cat&post=2230"},{"taxonomy":"product_tag","embeddable":true,"href":"https:\/\/www.electron.sk\/index.php?rest_route=%2Fwp%2Fv2%2Fproduct_tag&post=2230"}],"curies":[{"name":"wp","href":"https:\/\/api.w.org\/{rel}","templated":true}]}}