{"id":1063,"date":"2024-02-21T11:29:06","date_gmt":"2024-02-21T10:29:06","guid":{"rendered":"https:\/\/www.electron.sk\/?post_type=product&#038;p=1063"},"modified":"2025-01-17T22:29:02","modified_gmt":"2025-01-17T21:29:02","slug":"meracie-zariadenia-na-zakazku","status":"publish","type":"product","link":"https:\/\/www.electron.sk\/?product=meracie-zariadenia-na-zakazku","title":{"rendered":"Meracie zariadenia na z\u00e1kazku"},"content":{"rendered":"<p>&nbsp;<\/p>\n<p>&nbsp;<\/p>\n","protected":false},"excerpt":{"rendered":"<p>Dok\u00e1\u017eeme urobi\u0165 meracie zariadenie pod\u013ea Va\u0161ich po\u017eiadaviek. Sta\u010d\u00ed ak n\u00e1m po\u0161lete v\u00e1\u0161 n\u00e1vrh &#8211; technick\u00e9 parametre, my v\u00e1m po\u0161leme n\u00e1vrh rie\u0161enia a cenov\u00fa ponuku.<\/p>\n<p>&nbsp;<\/p>\n<h1 style=\"text-align: center;\"><span style=\"color: #ff0000;\"><strong>Nap\u00ed\u0161te n\u00e1m<\/strong><\/span><\/h1>\n<h1 style=\"text-align: center;\">[wpforms id=\"2799\"]<\/h1>\n","protected":false},"featured_media":2343,"comment_status":"closed","ping_status":"closed","template":"","meta":[],"product_brand":[],"product_cat":[46],"product_tag":[],"class_list":{"0":"post-1063","1":"product","2":"type-product","3":"status-publish","4":"has-post-thumbnail","6":"product_cat-meracie-zariadenia-na-zakazku","8":"first","9":"onbackorder","10":"taxable","11":"shipping-taxable","12":"product-type-grouped"},"_links":{"self":[{"href":"https:\/\/www.electron.sk\/index.php?rest_route=\/wp\/v2\/product\/1063","targetHints":{"allow":["GET"]}}],"collection":[{"href":"https:\/\/www.electron.sk\/index.php?rest_route=\/wp\/v2\/product"}],"about":[{"href":"https:\/\/www.electron.sk\/index.php?rest_route=\/wp\/v2\/types\/product"}],"replies":[{"embeddable":true,"href":"https:\/\/www.electron.sk\/index.php?rest_route=%2Fwp%2Fv2%2Fcomments&post=1063"}],"wp:featuredmedia":[{"embeddable":true,"href":"https:\/\/www.electron.sk\/index.php?rest_route=\/wp\/v2\/media\/2343"}],"wp:attachment":[{"href":"https:\/\/www.electron.sk\/index.php?rest_route=%2Fwp%2Fv2%2Fmedia&parent=1063"}],"wp:term":[{"taxonomy":"product_brand","embeddable":true,"href":"https:\/\/www.electron.sk\/index.php?rest_route=%2Fwp%2Fv2%2Fproduct_brand&post=1063"},{"taxonomy":"product_cat","embeddable":true,"href":"https:\/\/www.electron.sk\/index.php?rest_route=%2Fwp%2Fv2%2Fproduct_cat&post=1063"},{"taxonomy":"product_tag","embeddable":true,"href":"https:\/\/www.electron.sk\/index.php?rest_route=%2Fwp%2Fv2%2Fproduct_tag&post=1063"}],"curies":[{"name":"wp","href":"https:\/\/api.w.org\/{rel}","templated":true}]}}