{"id":1060,"date":"2024-02-21T11:27:13","date_gmt":"2024-02-21T10:27:13","guid":{"rendered":"https:\/\/www.electron.sk\/?post_type=product&#038;p=1060"},"modified":"2024-08-03T11:05:11","modified_gmt":"2024-08-03T09:05:11","slug":"elmer-04ep","status":"publish","type":"product","link":"https:\/\/www.electron.sk\/?product=elmer-04ep","title":{"rendered":"ELMER 04EP"},"content":{"rendered":"<p>Zdru\u017een\u00e9 sk\u00fa\u0161obn\u00e9 zariadenie<\/p>\n<ul>\n<li class=\"first\">El. pevnos\u0165 pevn\u00fdm nap\u00e4t\u00edm 50V a\u017e 4000V (ur\u010duje z\u00e1kazn\u00edk)<\/li>\n<li class=\"first\">Priechodov\u00fd odpor<\/li>\n<li class=\"last\">Izola\u010dn\u00fd odpor<\/li>\n<li class=\"last\">Pr\u00edkon, odoberan\u00fd pr\u00fad<\/li>\n<\/ul>\n","protected":false},"excerpt":{"rendered":"<p>Zdru\u017een\u00e9 sk\u00fa\u0161obn\u00e9 zariadenie El. pevnos\u0165 pevn\u00fdm nap\u00e4t\u00edm 50V a\u017e 4000V (ur\u010duje z\u00e1kazn\u00edk) Priechodov\u00fd odpor Izola\u010dn\u00fd odpor Pr\u00edkon, odoberan\u00fd pr\u00fad<\/p>\n","protected":false},"featured_media":0,"comment_status":"open","ping_status":"closed","template":"","meta":[],"product_brand":[],"product_cat":[43,44],"product_tag":[],"class_list":{"0":"post-1060","1":"product","2":"type-product","3":"status-publish","5":"product_cat-testery-pre-vyrobcov-elektrorozvadzacov","6":"product_cat-zdruzene-skusobne-zariadenia","8":"first","9":"onbackorder","10":"taxable","11":"shipping-taxable","12":"purchasable","13":"product-type-simple"},"_links":{"self":[{"href":"https:\/\/www.electron.sk\/index.php?rest_route=\/wp\/v2\/product\/1060","targetHints":{"allow":["GET"]}}],"collection":[{"href":"https:\/\/www.electron.sk\/index.php?rest_route=\/wp\/v2\/product"}],"about":[{"href":"https:\/\/www.electron.sk\/index.php?rest_route=\/wp\/v2\/types\/product"}],"replies":[{"embeddable":true,"href":"https:\/\/www.electron.sk\/index.php?rest_route=%2Fwp%2Fv2%2Fcomments&post=1060"}],"wp:attachment":[{"href":"https:\/\/www.electron.sk\/index.php?rest_route=%2Fwp%2Fv2%2Fmedia&parent=1060"}],"wp:term":[{"taxonomy":"product_brand","embeddable":true,"href":"https:\/\/www.electron.sk\/index.php?rest_route=%2Fwp%2Fv2%2Fproduct_brand&post=1060"},{"taxonomy":"product_cat","embeddable":true,"href":"https:\/\/www.electron.sk\/index.php?rest_route=%2Fwp%2Fv2%2Fproduct_cat&post=1060"},{"taxonomy":"product_tag","embeddable":true,"href":"https:\/\/www.electron.sk\/index.php?rest_route=%2Fwp%2Fv2%2Fproduct_tag&post=1060"}],"curies":[{"name":"wp","href":"https:\/\/api.w.org\/{rel}","templated":true}]}}