{"id":1057,"date":"2024-02-21T11:25:25","date_gmt":"2024-02-21T10:25:25","guid":{"rendered":"https:\/\/www.electron.sk\/?post_type=product&#038;p=1057"},"modified":"2024-05-29T13:01:46","modified_gmt":"2024-05-29T11:01:46","slug":"elmer-03e","status":"publish","type":"product","link":"https:\/\/www.electron.sk\/?product=elmer-03e","title":{"rendered":"ELMER 03E"},"content":{"rendered":"<p>Zdru\u017een\u00e9 sk\u00fa\u0161obn\u00e9 zariadenie<\/p>\n<ul>\n<li class=\"first\">El. pevnos\u0165 pevn\u00fdm nap\u00e4t\u00edm 50V a\u017e 4000V (ur\u010duje z\u00e1kazn\u00edk)<\/li>\n<li class=\"first\">Priechodov\u00fd odpor<\/li>\n<li class=\"last\">Izola\u010dn\u00fd odpor<\/li>\n<\/ul>\n","protected":false},"excerpt":{"rendered":"<p>Zdru\u017een\u00e9 sk\u00fa\u0161obn\u00e9 zariadenie El. pevnos\u0165 pevn\u00fdm nap\u00e4t\u00edm 50V a\u017e 4000V (ur\u010duje z\u00e1kazn\u00edk) Priechodov\u00fd odpor Izola\u010dn\u00fd odpor<\/p>\n","protected":false},"featured_media":0,"comment_status":"open","ping_status":"closed","template":"","meta":[],"product_brand":[],"product_cat":[44],"product_tag":[],"class_list":{"0":"post-1057","1":"product","2":"type-product","3":"status-publish","5":"product_cat-zdruzene-skusobne-zariadenia","7":"first","8":"onbackorder","9":"taxable","10":"shipping-taxable","11":"purchasable","12":"product-type-simple"},"_links":{"self":[{"href":"https:\/\/www.electron.sk\/index.php?rest_route=\/wp\/v2\/product\/1057","targetHints":{"allow":["GET"]}}],"collection":[{"href":"https:\/\/www.electron.sk\/index.php?rest_route=\/wp\/v2\/product"}],"about":[{"href":"https:\/\/www.electron.sk\/index.php?rest_route=\/wp\/v2\/types\/product"}],"replies":[{"embeddable":true,"href":"https:\/\/www.electron.sk\/index.php?rest_route=%2Fwp%2Fv2%2Fcomments&post=1057"}],"wp:attachment":[{"href":"https:\/\/www.electron.sk\/index.php?rest_route=%2Fwp%2Fv2%2Fmedia&parent=1057"}],"wp:term":[{"taxonomy":"product_brand","embeddable":true,"href":"https:\/\/www.electron.sk\/index.php?rest_route=%2Fwp%2Fv2%2Fproduct_brand&post=1057"},{"taxonomy":"product_cat","embeddable":true,"href":"https:\/\/www.electron.sk\/index.php?rest_route=%2Fwp%2Fv2%2Fproduct_cat&post=1057"},{"taxonomy":"product_tag","embeddable":true,"href":"https:\/\/www.electron.sk\/index.php?rest_route=%2Fwp%2Fv2%2Fproduct_tag&post=1057"}],"curies":[{"name":"wp","href":"https:\/\/api.w.org\/{rel}","templated":true}]}}