{"id":1055,"date":"2024-02-21T11:23:56","date_gmt":"2024-02-21T10:23:56","guid":{"rendered":"https:\/\/www.electron.sk\/?post_type=product&#038;p=1055"},"modified":"2024-05-29T13:02:13","modified_gmt":"2024-05-29T11:02:13","slug":"elmer-02ru","status":"publish","type":"product","link":"https:\/\/www.electron.sk\/?product=elmer-02ru","title":{"rendered":"ELMER 02RU"},"content":{"rendered":"<p>Zdru\u017een\u00e9 sk\u00fa\u0161obn\u00e9 zariadenie<\/p>\n<ul>\n<li class=\"first\">El. pevnos\u0165 regulovan\u00fdm\u00a0nap\u00e4t\u00edm 50V a\u017e 4000V<\/li>\n<li class=\"last\">Unikaj\u00faci pr\u00fad<\/li>\n<\/ul>\n","protected":false},"excerpt":{"rendered":"<p>Zdru\u017een\u00e9 sk\u00fa\u0161obn\u00e9 zariadenie El. pevnos\u0165 regulovan\u00fdm\u00a0nap\u00e4t\u00edm 50V a\u017e 4000V Unikaj\u00faci pr\u00fad<\/p>\n","protected":false},"featured_media":0,"comment_status":"open","ping_status":"closed","template":"","meta":[],"product_brand":[],"product_cat":[44],"product_tag":[],"class_list":{"0":"post-1055","1":"product","2":"type-product","3":"status-publish","5":"product_cat-zdruzene-skusobne-zariadenia","7":"first","8":"onbackorder","9":"taxable","10":"shipping-taxable","11":"purchasable","12":"product-type-simple"},"_links":{"self":[{"href":"https:\/\/www.electron.sk\/index.php?rest_route=\/wp\/v2\/product\/1055","targetHints":{"allow":["GET"]}}],"collection":[{"href":"https:\/\/www.electron.sk\/index.php?rest_route=\/wp\/v2\/product"}],"about":[{"href":"https:\/\/www.electron.sk\/index.php?rest_route=\/wp\/v2\/types\/product"}],"replies":[{"embeddable":true,"href":"https:\/\/www.electron.sk\/index.php?rest_route=%2Fwp%2Fv2%2Fcomments&post=1055"}],"wp:attachment":[{"href":"https:\/\/www.electron.sk\/index.php?rest_route=%2Fwp%2Fv2%2Fmedia&parent=1055"}],"wp:term":[{"taxonomy":"product_brand","embeddable":true,"href":"https:\/\/www.electron.sk\/index.php?rest_route=%2Fwp%2Fv2%2Fproduct_brand&post=1055"},{"taxonomy":"product_cat","embeddable":true,"href":"https:\/\/www.electron.sk\/index.php?rest_route=%2Fwp%2Fv2%2Fproduct_cat&post=1055"},{"taxonomy":"product_tag","embeddable":true,"href":"https:\/\/www.electron.sk\/index.php?rest_route=%2Fwp%2Fv2%2Fproduct_tag&post=1055"}],"curies":[{"name":"wp","href":"https:\/\/api.w.org\/{rel}","templated":true}]}}