{"id":1046,"date":"2024-02-21T11:13:55","date_gmt":"2024-02-21T10:13:55","guid":{"rendered":"https:\/\/www.electron.sk\/?post_type=product&#038;p=1046"},"modified":"2024-02-21T11:13:55","modified_gmt":"2024-02-21T10:13:55","slug":"digitalne-panelove-meradla","status":"publish","type":"product","link":"https:\/\/www.electron.sk\/?product=digitalne-panelove-meradla","title":{"rendered":"Digit\u00e1lne panelov\u00e9 meradl\u00e1"},"content":{"rendered":"<ul>\n<li class=\"first last\">Pod\u013ea po\u017eiadaviek z\u00e1kazn\u00edka.<\/li>\n<\/ul>\n","protected":false},"excerpt":{"rendered":"<p>Pod\u013ea po\u017eiadaviek z\u00e1kazn\u00edka.<\/p>\n","protected":false},"featured_media":0,"comment_status":"open","ping_status":"closed","template":"","meta":[],"product_brand":[],"product_cat":[42],"product_tag":[],"class_list":{"0":"post-1046","1":"product","2":"type-product","3":"status-publish","5":"product_cat-panelove-pristroje","7":"first","8":"outofstock","9":"taxable","10":"shipping-taxable","11":"product-type-variable"},"_links":{"self":[{"href":"https:\/\/www.electron.sk\/index.php?rest_route=\/wp\/v2\/product\/1046","targetHints":{"allow":["GET"]}}],"collection":[{"href":"https:\/\/www.electron.sk\/index.php?rest_route=\/wp\/v2\/product"}],"about":[{"href":"https:\/\/www.electron.sk\/index.php?rest_route=\/wp\/v2\/types\/product"}],"replies":[{"embeddable":true,"href":"https:\/\/www.electron.sk\/index.php?rest_route=%2Fwp%2Fv2%2Fcomments&post=1046"}],"wp:attachment":[{"href":"https:\/\/www.electron.sk\/index.php?rest_route=%2Fwp%2Fv2%2Fmedia&parent=1046"}],"wp:term":[{"taxonomy":"product_brand","embeddable":true,"href":"https:\/\/www.electron.sk\/index.php?rest_route=%2Fwp%2Fv2%2Fproduct_brand&post=1046"},{"taxonomy":"product_cat","embeddable":true,"href":"https:\/\/www.electron.sk\/index.php?rest_route=%2Fwp%2Fv2%2Fproduct_cat&post=1046"},{"taxonomy":"product_tag","embeddable":true,"href":"https:\/\/www.electron.sk\/index.php?rest_route=%2Fwp%2Fv2%2Fproduct_tag&post=1046"}],"curies":[{"name":"wp","href":"https:\/\/api.w.org\/{rel}","templated":true}]}}