{"id":1038,"date":"2024-02-21T10:49:21","date_gmt":"2024-02-21T09:49:21","guid":{"rendered":"https:\/\/www.electron.sk\/?post_type=product&#038;p=1038"},"modified":"2025-06-09T10:01:39","modified_gmt":"2025-06-09T08:01:39","slug":"unitester-07","status":"publish","type":"product","link":"https:\/\/www.electron.sk\/?product=unitester-07","title":{"rendered":"UNITESTER 07"},"content":{"rendered":"<p><u><strong>UNITESTER 07 sk\u00fa\u0161a a\u00a0meria:<\/strong><\/u><\/p>\n<p>\u2022 izola\u010dn\u00fd odpor RISO nap\u00e4t\u00edm 50, 100, 250 resp. 500 V<\/p>\n<p>\u2022 odpor ochrann\u00e9ho vodi\u010da RPE jednosmern\u00fdm pr\u00fadom min. 200 mA pri 100mOhm<\/p>\n<p>\u2022 unikaj\u00face pr\u00fady n\u00e1hradnou met\u00f3dou ID<\/p>\n<p>\u2022 unikaj\u00face pr\u00fady rozdielovou met\u00f3dou\u00a0 Idelta<\/p>\n<p>\u2022 unikaj\u00face pr\u00fady priamou met\u00f3dou IPE<\/p>\n<p>\u2022 sie\u0165ov\u00e9 nap\u00e4tie UN<\/p>\n<p>\u2022 pr\u00fad odoberan\u00fd meran\u00fdm spotrebi\u010dom IN<\/p>\n<p>\u2022 pr\u00edkon spotrebi\u010da P a cos\u03d5 spotrebi\u010da<\/p>\n<p>\u2022 dot\u00fdkov\u00fd pr\u00fad IF do 3 mA<\/p>\n<p>\u2022 zvy\u0161kov\u00e9 nap\u00e4tie 0 \u00f7 360 V<\/p>\n<p><u><strong>\u200bRozsah dod\u00e1vky:<\/strong><\/u><\/p>\n<ul>\n<li class=\"first\">pr\u00edstroj UNITESTER 07<\/li>\n<li>bra\u0161\u0148a na pr\u00edstroj a pr\u00edslu\u0161enstvo<\/li>\n<li>pr\u00edvodn\u00e1 nap\u00e1jacia \u0161n\u00fara<\/li>\n<li>merac\u00ed pr\u00edvod na meranie ochrann\u00e9ho vodi\u010da a dot\u00fdkov\u00e9ho pr\u00fadu<\/li>\n<li>z\u00e1ru\u010dn\u00fd list<\/li>\n<li>n\u00e1vod na obsluhu<\/li>\n<li class=\"last\">List prvotnej kalibr\u00e1cie<\/li>\n<\/ul>\n<p><a href=\"https:\/\/www.electron.sk\/wp-content\/uploads\/2024\/03\/UNITESTER-07.pdf\" target=\"_blank\" rel=\"noopener\">N\u00e1vod na stiahnutie<\/a><\/p>\n","protected":false},"excerpt":{"rendered":"<p>UNITESTER 07 sk\u00fa\u0161a a\u00a0meria: \u2022 izola\u010dn\u00fd odpor RISO nap\u00e4t\u00edm 50, 100, 250 resp. 500 V \u2022 odpor ochrann\u00e9ho vodi\u010da RPE jednosmern\u00fdm pr\u00fadom min. 200 mA pri 100mOhm \u2022 unikaj\u00face pr\u00fady n\u00e1hradnou met\u00f3dou ID \u2022 unikaj\u00face pr\u00fady rozdielovou met\u00f3dou\u00a0 Idelta \u2022 unikaj\u00face pr\u00fady priamou met\u00f3dou IPE \u2022 sie\u0165ov\u00e9 nap\u00e4tie UN \u2022 pr\u00fad odoberan\u00fd meran\u00fdm spotrebi\u010dom IN&hellip;<\/p>\n","protected":false},"featured_media":2696,"comment_status":"closed","ping_status":"closed","template":"","meta":[],"product_brand":[],"product_cat":[39],"product_tag":[],"class_list":{"0":"post-1038","1":"product","2":"type-product","3":"status-publish","4":"has-post-thumbnail","6":"product_cat-kontrola-elektrickeho-rucneho-naradia","8":"first","9":"instock","10":"taxable","11":"shipping-taxable","12":"purchasable","13":"product-type-simple"},"_links":{"self":[{"href":"https:\/\/www.electron.sk\/index.php?rest_route=\/wp\/v2\/product\/1038","targetHints":{"allow":["GET"]}}],"collection":[{"href":"https:\/\/www.electron.sk\/index.php?rest_route=\/wp\/v2\/product"}],"about":[{"href":"https:\/\/www.electron.sk\/index.php?rest_route=\/wp\/v2\/types\/product"}],"replies":[{"embeddable":true,"href":"https:\/\/www.electron.sk\/index.php?rest_route=%2Fwp%2Fv2%2Fcomments&post=1038"}],"wp:featuredmedia":[{"embeddable":true,"href":"https:\/\/www.electron.sk\/index.php?rest_route=\/wp\/v2\/media\/2696"}],"wp:attachment":[{"href":"https:\/\/www.electron.sk\/index.php?rest_route=%2Fwp%2Fv2%2Fmedia&parent=1038"}],"wp:term":[{"taxonomy":"product_brand","embeddable":true,"href":"https:\/\/www.electron.sk\/index.php?rest_route=%2Fwp%2Fv2%2Fproduct_brand&post=1038"},{"taxonomy":"product_cat","embeddable":true,"href":"https:\/\/www.electron.sk\/index.php?rest_route=%2Fwp%2Fv2%2Fproduct_cat&post=1038"},{"taxonomy":"product_tag","embeddable":true,"href":"https:\/\/www.electron.sk\/index.php?rest_route=%2Fwp%2Fv2%2Fproduct_tag&post=1038"}],"curies":[{"name":"wp","href":"https:\/\/api.w.org\/{rel}","templated":true}]}}