{"id":1036,"date":"2024-02-21T10:48:28","date_gmt":"2024-02-21T09:48:28","guid":{"rendered":"https:\/\/www.electron.sk\/?post_type=product&#038;p=1036"},"modified":"2025-06-09T10:03:13","modified_gmt":"2025-06-09T08:03:13","slug":"unitester-06a","status":"publish","type":"product","link":"https:\/\/www.electron.sk\/?product=unitester-06a","title":{"rendered":"UNITESTER 06A"},"content":{"rendered":"<div class=\"grid\">\n<div class=\"col_9 column\">\n<div id=\"tab-description\" class=\"tab-content clearfix\">\n<p><u><strong>UNITESTER 06A meria:<\/strong><\/u><\/p>\n<ul>\n<li class=\"first\">izola\u010dn\u00fd odpor\u00a0 nap\u00e4t\u00edm 500, 250 resp. 100 V, DC<\/li>\n<li>odpor ochrann\u00e9ho vodi\u010da pr\u00fadom min. 200 mA<\/li>\n<li>unikaj\u00faci pr\u00fad n\u00e1hradnou met\u00f3dou\u00a0 24 V, AC<\/li>\n<li>unikaj\u00faci pr\u00fad priamou met\u00f3dou\u00a0 230 V, AC<\/li>\n<li>pr\u00edkon meran\u00e9ho spotrebi\u010da<\/li>\n<li>pr\u00fad odoberan\u00fd meran\u00fdm spotrebi\u010dom a\u00a0cos f<\/li>\n<li>dotykov\u00fd pr\u00fad do 2 mA<\/li>\n<li class=\"last\">sie\u0165ov\u00e9 nap\u00e4tie<\/li>\n<\/ul>\n<p>\u200b<\/p>\n<p><strong><u>S\u00fa\u010das\u0165 dod\u00e1vky:<\/u><\/strong><\/p>\n<ul>\n<li class=\"first\">Pr\u00edstroj UNITESTER 06A<\/li>\n<li>Prenosn\u00e1 bra\u0161\u0148a<\/li>\n<li>Pr\u00edvodn\u00e1 sie\u0165ov\u00e1 \u0161n\u00fara<\/li>\n<li>Merac\u00ed pr\u00edvod na meranie odporu<\/li>\n<li>List prvotnej kalibr\u00e1cie<\/li>\n<li class=\"last\">N\u00e1vod na obsluhu<\/li>\n<\/ul>\n<p><a href=\"https:\/\/www.electron.sk\/wp-content\/uploads\/2024\/03\/UNITESTER-06A.pdf\" target=\"_blank\" rel=\"noopener\">N\u00e1vod na stiahnutie<\/a><\/p>\n<\/div>\n<\/div>\n<div class=\"col_12 column\">\n<div class=\"col_4 column\"><\/div>\n<\/div>\n<\/div>\n<div id=\"footer\"><\/div>\n","protected":false},"excerpt":{"rendered":"<p>UNITESTER 06A meria: izola\u010dn\u00fd odpor\u00a0 nap\u00e4t\u00edm 500, 250 resp. 100 V, DC odpor ochrann\u00e9ho vodi\u010da pr\u00fadom min. 200 mA unikaj\u00faci pr\u00fad n\u00e1hradnou met\u00f3dou\u00a0 24 V, AC unikaj\u00faci pr\u00fad priamou met\u00f3dou\u00a0 230 V, AC pr\u00edkon meran\u00e9ho spotrebi\u010da pr\u00fad odoberan\u00fd meran\u00fdm spotrebi\u010dom a\u00a0cos f dotykov\u00fd pr\u00fad do 2 mA sie\u0165ov\u00e9 nap\u00e4tie \u200b S\u00fa\u010das\u0165 dod\u00e1vky: Pr\u00edstroj UNITESTER 06A&hellip;<\/p>\n","protected":false},"featured_media":2697,"comment_status":"closed","ping_status":"closed","template":"","meta":[],"product_brand":[],"product_cat":[39],"product_tag":[],"class_list":{"0":"post-1036","1":"product","2":"type-product","3":"status-publish","4":"has-post-thumbnail","6":"product_cat-kontrola-elektrickeho-rucneho-naradia","8":"first","9":"instock","10":"taxable","11":"shipping-taxable","12":"purchasable","13":"product-type-simple"},"_links":{"self":[{"href":"https:\/\/www.electron.sk\/index.php?rest_route=\/wp\/v2\/product\/1036","targetHints":{"allow":["GET"]}}],"collection":[{"href":"https:\/\/www.electron.sk\/index.php?rest_route=\/wp\/v2\/product"}],"about":[{"href":"https:\/\/www.electron.sk\/index.php?rest_route=\/wp\/v2\/types\/product"}],"replies":[{"embeddable":true,"href":"https:\/\/www.electron.sk\/index.php?rest_route=%2Fwp%2Fv2%2Fcomments&post=1036"}],"wp:featuredmedia":[{"embeddable":true,"href":"https:\/\/www.electron.sk\/index.php?rest_route=\/wp\/v2\/media\/2697"}],"wp:attachment":[{"href":"https:\/\/www.electron.sk\/index.php?rest_route=%2Fwp%2Fv2%2Fmedia&parent=1036"}],"wp:term":[{"taxonomy":"product_brand","embeddable":true,"href":"https:\/\/www.electron.sk\/index.php?rest_route=%2Fwp%2Fv2%2Fproduct_brand&post=1036"},{"taxonomy":"product_cat","embeddable":true,"href":"https:\/\/www.electron.sk\/index.php?rest_route=%2Fwp%2Fv2%2Fproduct_cat&post=1036"},{"taxonomy":"product_tag","embeddable":true,"href":"https:\/\/www.electron.sk\/index.php?rest_route=%2Fwp%2Fv2%2Fproduct_tag&post=1036"}],"curies":[{"name":"wp","href":"https:\/\/api.w.org\/{rel}","templated":true}]}}