{"id":1034,"date":"2024-02-21T10:45:53","date_gmt":"2024-02-21T09:45:53","guid":{"rendered":"https:\/\/www.electron.sk\/?post_type=product&#038;p=1034"},"modified":"2025-06-09T09:38:54","modified_gmt":"2025-06-09T07:38:54","slug":"unimer-02","status":"publish","type":"product","link":"https:\/\/www.electron.sk\/?product=unimer-02","title":{"rendered":"UNIMER 02"},"content":{"rendered":"<p><strong>Univerz\u00e1lny pr\u00edstroj na meranie elektrick\u00fdch in\u0161tal\u00e1ci\u00ed<\/strong><\/p>\n<p><strong>Meria v\u0161etky typy pr\u00fadov\u00fdch chr\u00e1ni\u010dov (AC, A, F, B)!<\/strong><\/p>\n<p>\u010ealej meria:<\/p>\n<p>-impedanciu ochrannej slu\u010dky RL do 20 ohm<\/p>\n<p>-vn\u00fatorn\u00fd odpor siete RS do 20 ohm<\/p>\n<p>-impedanciu ochrannej slu\u010dky za pr\u00fadov\u00fdm chr\u00e1ni\u010dom RS(RCD) bez vybavenia<\/p>\n<p>-skratov\u00fd pr\u00fad IK do 10 kA<\/p>\n<p>-odpor uzemnenia, ak je k dispoz\u00edcii sie\u0165ov\u00e9 nap\u00e4tie<\/p>\n<p>-dotykov\u00e9 nap\u00e4tie na pr\u00fadovom chr\u00e1ni\u010di Ub bez vybavenia pr\u00fadov\u00e9ho chr\u00e1ni\u010da<\/p>\n<p>-vyp\u00ednac\u00ed \u010das pr\u00fadov\u00e9ho chr\u00e1ni\u010da t meran\u00fd 1xIN, 2xIN a 5xIN<\/p>\n<p>-vybavovac\u00ed pr\u00fad pr\u00fadov\u00e9ho chr\u00e1ni\u010da I<\/p>\n<p>-meran\u00fd plynul\u00e9 narastaj\u00facim pr\u00fadom 0,49xIN &#8211; 1,49xIN<\/p>\n<p>-striedav\u00e9 nap\u00e4tie do 750 V<\/p>\n<p>-jednosmern\u00e9 nap\u00e4tie do 1000 V<\/p>\n<p>-pomocou sondy LUX je mo\u017en\u00e9 mera\u0165 osvetlenie a\u017e do 35 000 lux<\/p>\n<p>-ur\u010denie sledu f\u00e1z trojf\u00e1zovej s\u00fastavy<\/p>\n<p>&nbsp;<\/p>\n<p><strong>Rozsah dod\u00e1vky<\/strong><\/p>\n<p>\u2022 pr\u00edstroj UNIMER 02<\/p>\n<p>\u2022 bra\u0161\u0148a na pr\u00edstroj a pr\u00edslu\u0161enstvo<\/p>\n<p>\u2022 merac\u00ed pr\u00edvod pre dvojp\u00f3lov\u00e9 merania<\/p>\n<p>\u2022 merac\u00ed pr\u00edvod pre trojp\u00f3lov\u00e9 merania<\/p>\n<p>\u2022 n\u00e1suvn\u00e1 krokosvorka<\/p>\n<p>\u2022 z\u00e1ru\u010dn\u00fd list<\/p>\n<p>\u2022 n\u00e1vod na obsluhu<\/p>\n<p><a href=\"https:\/\/www.electron.sk\/wp-content\/uploads\/2024\/03\/UNIMER-02.pdf\" target=\"_blank\" rel=\"noopener\">N\u00e1vod na stiahnutie<\/a><\/p>\n","protected":false},"excerpt":{"rendered":"<p>Univerz\u00e1lny pr\u00edstroj na meranie elektrick\u00fdch in\u0161tal\u00e1ci\u00ed Meria v\u0161etky typy pr\u00fadov\u00fdch chr\u00e1ni\u010dov (AC, A, F, B)! \u010ealej meria: -impedanciu ochrannej slu\u010dky RL do 20 ohm -vn\u00fatorn\u00fd odpor siete RS do 20 ohm -impedanciu ochrannej slu\u010dky za pr\u00fadov\u00fdm chr\u00e1ni\u010dom RS(RCD) bez vybavenia -skratov\u00fd pr\u00fad IK do 10 kA -odpor uzemnenia, ak je k dispoz\u00edcii sie\u0165ov\u00e9 nap\u00e4tie -dotykov\u00e9&hellip;<\/p>\n","protected":false},"featured_media":2704,"comment_status":"closed","ping_status":"closed","template":"","meta":[],"product_brand":[],"product_cat":[37],"product_tag":[],"class_list":{"0":"post-1034","1":"product","2":"type-product","3":"status-publish","4":"has-post-thumbnail","6":"product_cat-meranie-impedancie-ochrannej-slucky","8":"first","9":"instock","10":"taxable","11":"shipping-taxable","12":"purchasable","13":"product-type-simple"},"_links":{"self":[{"href":"https:\/\/www.electron.sk\/index.php?rest_route=\/wp\/v2\/product\/1034","targetHints":{"allow":["GET"]}}],"collection":[{"href":"https:\/\/www.electron.sk\/index.php?rest_route=\/wp\/v2\/product"}],"about":[{"href":"https:\/\/www.electron.sk\/index.php?rest_route=\/wp\/v2\/types\/product"}],"replies":[{"embeddable":true,"href":"https:\/\/www.electron.sk\/index.php?rest_route=%2Fwp%2Fv2%2Fcomments&post=1034"}],"wp:featuredmedia":[{"embeddable":true,"href":"https:\/\/www.electron.sk\/index.php?rest_route=\/wp\/v2\/media\/2704"}],"wp:attachment":[{"href":"https:\/\/www.electron.sk\/index.php?rest_route=%2Fwp%2Fv2%2Fmedia&parent=1034"}],"wp:term":[{"taxonomy":"product_brand","embeddable":true,"href":"https:\/\/www.electron.sk\/index.php?rest_route=%2Fwp%2Fv2%2Fproduct_brand&post=1034"},{"taxonomy":"product_cat","embeddable":true,"href":"https:\/\/www.electron.sk\/index.php?rest_route=%2Fwp%2Fv2%2Fproduct_cat&post=1034"},{"taxonomy":"product_tag","embeddable":true,"href":"https:\/\/www.electron.sk\/index.php?rest_route=%2Fwp%2Fv2%2Fproduct_tag&post=1034"}],"curies":[{"name":"wp","href":"https:\/\/api.w.org\/{rel}","templated":true}]}}