{"id":1030,"date":"2024-02-21T10:44:10","date_gmt":"2024-02-21T09:44:10","guid":{"rendered":"https:\/\/www.electron.sk\/?post_type=product&#038;p=1030"},"modified":"2024-10-17T13:22:18","modified_gmt":"2024-10-17T11:22:18","slug":"mpo-02","status":"publish","type":"product","link":"https:\/\/www.electron.sk\/?product=mpo-02","title":{"rendered":"MPO-02"},"content":{"rendered":"<p><u><strong>Charakteristika:<\/strong><\/u><\/p>\n<p><strong>MPO-02\u00a0<\/strong>je pr\u00edstroj, ktor\u00fd sl\u00fa\u017ei na meranie \u00fabytku nap\u00e4tia na ochrannom obvode a \u00a0odporu ochrann\u00e9ho obvodu prechodom pr\u00fadu min. 25 A\u00a0pod\u013ea STN EN 60204-1.<\/p>\n<ul>\n<li class=\"first\">meranie sa uskuto\u010d\u0148uje v \u00a0z\u00e1vislosti na priereze ochrann\u00e9ho vodi\u010da: \u00a01mm<sup>2<\/sup>, \u00a01,5mm<sup>2<\/sup>, \u00a02,5mm<sup>2<\/sup>, \u00a04mm<sup>2<\/sup>\u00a0,\u00a0 6mm<sup>2<\/sup>\u00a0a viac<\/li>\n<li>akustick\u00e1 indik\u00e1cia nedovolen\u00fdch hodn\u00f4t \u00fabytkov nap\u00e4tia a\u00a0odporov ochrann\u00fdch obvodov v\u00a0z\u00e1vislosti na priereze ochrann\u00e9ho vodi\u010da<\/li>\n<li>rozli\u0161ovacia schopnos\u0165 pr\u00edstroja a\u017e 1 m\u03a9 [R] a 0,1V [Ub]<\/li>\n<li class=\"last\">pr\u00edstroj komunikuje s \u00a0obsluhou pomocou prieh\u013eadn\u00e9ho grafick\u00e9ho\u00a0 O-LED displeja<\/li>\n<\/ul>\n<p><a href=\"https:\/\/www.electron.sk\/wp-content\/uploads\/2024\/03\/MPO-02.pdf\" target=\"_blank\" rel=\"noopener\">N\u00e1vod na stiahnutie<\/a><\/p>\n","protected":false},"excerpt":{"rendered":"<p>Charakteristika: MPO-02\u00a0je pr\u00edstroj, ktor\u00fd sl\u00fa\u017ei na meranie \u00fabytku nap\u00e4tia na ochrannom obvode a \u00a0odporu ochrann\u00e9ho obvodu prechodom pr\u00fadu min. 25 A\u00a0pod\u013ea STN EN 60204-1. meranie sa uskuto\u010d\u0148uje v \u00a0z\u00e1vislosti na priereze ochrann\u00e9ho vodi\u010da: \u00a01mm2, \u00a01,5mm2, \u00a02,5mm2, \u00a04mm2\u00a0,\u00a0 6mm2\u00a0a viac akustick\u00e1 indik\u00e1cia nedovolen\u00fdch hodn\u00f4t \u00fabytkov nap\u00e4tia a\u00a0odporov ochrann\u00fdch obvodov v\u00a0z\u00e1vislosti na priereze ochrann\u00e9ho vodi\u010da rozli\u0161ovacia schopnos\u0165&hellip;<\/p>\n","protected":false},"featured_media":2705,"comment_status":"open","ping_status":"closed","template":"","meta":[],"product_brand":[],"product_cat":[36],"product_tag":[],"class_list":{"0":"post-1030","1":"product","2":"type-product","3":"status-publish","4":"has-post-thumbnail","6":"product_cat-meranie-priechodoveho-odporu","8":"first","9":"instock","10":"taxable","11":"shipping-taxable","12":"purchasable","13":"product-type-simple"},"_links":{"self":[{"href":"https:\/\/www.electron.sk\/index.php?rest_route=\/wp\/v2\/product\/1030","targetHints":{"allow":["GET"]}}],"collection":[{"href":"https:\/\/www.electron.sk\/index.php?rest_route=\/wp\/v2\/product"}],"about":[{"href":"https:\/\/www.electron.sk\/index.php?rest_route=\/wp\/v2\/types\/product"}],"replies":[{"embeddable":true,"href":"https:\/\/www.electron.sk\/index.php?rest_route=%2Fwp%2Fv2%2Fcomments&post=1030"}],"wp:featuredmedia":[{"embeddable":true,"href":"https:\/\/www.electron.sk\/index.php?rest_route=\/wp\/v2\/media\/2705"}],"wp:attachment":[{"href":"https:\/\/www.electron.sk\/index.php?rest_route=%2Fwp%2Fv2%2Fmedia&parent=1030"}],"wp:term":[{"taxonomy":"product_brand","embeddable":true,"href":"https:\/\/www.electron.sk\/index.php?rest_route=%2Fwp%2Fv2%2Fproduct_brand&post=1030"},{"taxonomy":"product_cat","embeddable":true,"href":"https:\/\/www.electron.sk\/index.php?rest_route=%2Fwp%2Fv2%2Fproduct_cat&post=1030"},{"taxonomy":"product_tag","embeddable":true,"href":"https:\/\/www.electron.sk\/index.php?rest_route=%2Fwp%2Fv2%2Fproduct_tag&post=1030"}],"curies":[{"name":"wp","href":"https:\/\/api.w.org\/{rel}","templated":true}]}}