{"id":1027,"date":"2024-02-21T10:42:47","date_gmt":"2024-02-21T09:42:47","guid":{"rendered":"https:\/\/www.electron.sk\/?post_type=product&#038;p=1027"},"modified":"2024-03-28T13:56:10","modified_gmt":"2024-03-28T12:56:10","slug":"elmer-02el","status":"publish","type":"product","link":"https:\/\/www.electron.sk\/?product=elmer-02el","title":{"rendered":"ELMER 02EL"},"content":{"rendered":"<p>Zdru\u017een\u00e9 sk\u00fa\u0161obn\u00e9 zariadenie<\/p>\n<ul>\n<li class=\"first\">El. pevnos\u0165 pevn\u00fdm nap\u00e4t\u00edm 50V a\u017e 4000V (ur\u010duje z\u00e1kazn\u00edk)<\/li>\n<li class=\"last\">Izola\u010dn\u00fd odpor<\/li>\n<\/ul>\n","protected":false},"excerpt":{"rendered":"<p>Zdru\u017een\u00e9 sk\u00fa\u0161obn\u00e9 zariadenie El. pevnos\u0165 pevn\u00fdm nap\u00e4t\u00edm 50V a\u017e 4000V (ur\u010duje z\u00e1kazn\u00edk) Izola\u010dn\u00fd odpor<\/p>\n","protected":false},"featured_media":0,"comment_status":"open","ping_status":"closed","template":"","meta":[],"product_brand":[],"product_cat":[35,41,44],"product_tag":[],"class_list":{"0":"post-1027","1":"product","2":"type-product","3":"status-publish","5":"product_cat-meranie-izolacneho-odporu","6":"product_cat-vysokonapatove-skusacky-elektrickej-pevnosti","7":"product_cat-zdruzene-skusobne-zariadenia","9":"first","10":"instock","11":"taxable","12":"shipping-taxable","13":"purchasable","14":"product-type-simple"},"_links":{"self":[{"href":"https:\/\/www.electron.sk\/index.php?rest_route=\/wp\/v2\/product\/1027","targetHints":{"allow":["GET"]}}],"collection":[{"href":"https:\/\/www.electron.sk\/index.php?rest_route=\/wp\/v2\/product"}],"about":[{"href":"https:\/\/www.electron.sk\/index.php?rest_route=\/wp\/v2\/types\/product"}],"replies":[{"embeddable":true,"href":"https:\/\/www.electron.sk\/index.php?rest_route=%2Fwp%2Fv2%2Fcomments&post=1027"}],"wp:attachment":[{"href":"https:\/\/www.electron.sk\/index.php?rest_route=%2Fwp%2Fv2%2Fmedia&parent=1027"}],"wp:term":[{"taxonomy":"product_brand","embeddable":true,"href":"https:\/\/www.electron.sk\/index.php?rest_route=%2Fwp%2Fv2%2Fproduct_brand&post=1027"},{"taxonomy":"product_cat","embeddable":true,"href":"https:\/\/www.electron.sk\/index.php?rest_route=%2Fwp%2Fv2%2Fproduct_cat&post=1027"},{"taxonomy":"product_tag","embeddable":true,"href":"https:\/\/www.electron.sk\/index.php?rest_route=%2Fwp%2Fv2%2Fproduct_tag&post=1027"}],"curies":[{"name":"wp","href":"https:\/\/api.w.org\/{rel}","templated":true}]}}