{"id":1019,"date":"2024-02-21T10:38:13","date_gmt":"2024-02-21T09:38:13","guid":{"rendered":"https:\/\/www.electron.sk\/?post_type=product&#038;p=1019"},"modified":"2025-06-09T09:45:38","modified_gmt":"2025-06-09T07:45:38","slug":"unimer-03-profi","status":"publish","type":"product","link":"https:\/\/www.electron.sk\/?product=unimer-03-profi","title":{"rendered":"UNIMER 03 Profi"},"content":{"rendered":"<p><u><strong>UNIMER 03 sk\u00fa\u0161a a meria:<\/strong><\/u><\/p>\n<ul>\n<li class=\"first\"><strong>zemn\u00fd odpor\u00a0<\/strong>pomocou sond do 10 k\u03a9<\/li>\n<li><strong>\u0161pecifick\u00fd zemn\u00fd odpor\u00a0<\/strong>\u2013 rezistivitu p\u00f4dy<\/li>\n<li><strong>izola\u010dn\u00fd odpor<\/strong>\u00a0volite\u013en\u00fdm merac\u00edm nap\u00e4t\u00edm: 100, 250, 500 resp. 1000 V<\/li>\n<li><strong>izola\u010dn\u00fd odpor<\/strong>\u00a0plynule nastavite\u013en\u00fdm nap\u00e4t\u00edm v\u00a0rozsahu:\u00a0 50 .. 1000 V<\/li>\n<li>rezistivita<\/li>\n<li>testovanie prierazu (<strong>test varistorov<\/strong>) nap\u00e4t\u00edm v\u00a0rozsahu:\u00a0 50 .. 1000 V<\/li>\n<li><strong>priechodov\u00fd odpor<\/strong>\u00a0pr\u00fadom min. 200 mA<\/li>\n<li><strong>nap\u00e4tie AC\/DC<\/strong>\u00a0do 750\/1000 V<\/li>\n<li><strong>frekvenciu\u00a0<\/strong>nap\u00e4tia siete)<\/li>\n<li><strong>osvetlenie\u00a0<\/strong>do 50 000 lx pomocou sondy LUX z\u00a0volite\u013en\u00e9ho pr\u00edslu\u0161enstva<\/li>\n<li class=\"last\"><strong>pr\u00fad\u00a0\u00a0<\/strong>do 200 A\u00a0pomocou pr\u00eddavn\u00e9ho klie\u0161\u0165ov\u00e9ho adapt\u00e9ra<\/li>\n<\/ul>\n<p><strong><em><u>Rozsah dod\u00e1vky:<\/u><\/em><\/strong><\/p>\n<ul>\n<li class=\"first\">Pr\u00edstroj UNIMER 03<\/li>\n<li>P\u00fazdro<\/li>\n<li>Merac\u00ed pr\u00edvod pre dvojp\u00f3lov\u00e9 merania UNI 2P<\/li>\n<li>Merac\u00ed pr\u00edvod pre trojp\u00f3lov\u00e9 merania UNI 3P<\/li>\n<li>Sada sond pre zemn\u00e9 odpory SZO-4<\/li>\n<li>Krokosvorka<\/li>\n<li>Dob\u00edjac\u00ed adapt\u00e9r ZS 12\/UNI<\/li>\n<li><em>Zabudovan\u00e9 LiON bat\u00e9rie<\/em><\/li>\n<li class=\"last\">N\u00e1vod na obsluhu<\/li>\n<\/ul>\n<p><a href=\"https:\/\/www.electron.sk\/wp-content\/uploads\/2024\/03\/UNIMER-03Profi.pdf\" target=\"_blank\" rel=\"noopener\">N\u00e1vod na stiahnutie\u00a0<\/a><\/p>\n","protected":false},"excerpt":{"rendered":"<p>UNIMER 03 sk\u00fa\u0161a a meria: zemn\u00fd odpor\u00a0pomocou sond do 10 k\u03a9 \u0161pecifick\u00fd zemn\u00fd odpor\u00a0\u2013 rezistivitu p\u00f4dy izola\u010dn\u00fd odpor\u00a0volite\u013en\u00fdm merac\u00edm nap\u00e4t\u00edm: 100, 250, 500 resp. 1000 V izola\u010dn\u00fd odpor\u00a0plynule nastavite\u013en\u00fdm nap\u00e4t\u00edm v\u00a0rozsahu:\u00a0 50 .. 1000 V rezistivita testovanie prierazu (test varistorov) nap\u00e4t\u00edm v\u00a0rozsahu:\u00a0 50 .. 1000 V priechodov\u00fd odpor\u00a0pr\u00fadom min. 200 mA nap\u00e4tie AC\/DC\u00a0do 750\/1000 V&hellip;<\/p>\n","protected":false},"featured_media":2702,"comment_status":"closed","ping_status":"closed","template":"","meta":[],"product_brand":[],"product_cat":[38,34],"product_tag":[],"class_list":{"0":"post-1019","1":"product","2":"type-product","3":"status-publish","4":"has-post-thumbnail","6":"product_cat-meranie-zemnych-odporov","7":"product_cat-zdruzene-revizne-pristroje","9":"first","10":"instock","11":"taxable","12":"shipping-taxable","13":"purchasable","14":"product-type-simple"},"_links":{"self":[{"href":"https:\/\/www.electron.sk\/index.php?rest_route=\/wp\/v2\/product\/1019","targetHints":{"allow":["GET"]}}],"collection":[{"href":"https:\/\/www.electron.sk\/index.php?rest_route=\/wp\/v2\/product"}],"about":[{"href":"https:\/\/www.electron.sk\/index.php?rest_route=\/wp\/v2\/types\/product"}],"replies":[{"embeddable":true,"href":"https:\/\/www.electron.sk\/index.php?rest_route=%2Fwp%2Fv2%2Fcomments&post=1019"}],"wp:featuredmedia":[{"embeddable":true,"href":"https:\/\/www.electron.sk\/index.php?rest_route=\/wp\/v2\/media\/2702"}],"wp:attachment":[{"href":"https:\/\/www.electron.sk\/index.php?rest_route=%2Fwp%2Fv2%2Fmedia&parent=1019"}],"wp:term":[{"taxonomy":"product_brand","embeddable":true,"href":"https:\/\/www.electron.sk\/index.php?rest_route=%2Fwp%2Fv2%2Fproduct_brand&post=1019"},{"taxonomy":"product_cat","embeddable":true,"href":"https:\/\/www.electron.sk\/index.php?rest_route=%2Fwp%2Fv2%2Fproduct_cat&post=1019"},{"taxonomy":"product_tag","embeddable":true,"href":"https:\/\/www.electron.sk\/index.php?rest_route=%2Fwp%2Fv2%2Fproduct_tag&post=1019"}],"curies":[{"name":"wp","href":"https:\/\/api.w.org\/{rel}","templated":true}]}}