{"id":1018,"date":"2024-02-21T10:37:31","date_gmt":"2024-02-21T09:37:31","guid":{"rendered":"https:\/\/www.electron.sk\/?post_type=product&#038;p=1018"},"modified":"2024-03-28T15:32:40","modified_gmt":"2024-03-28T14:32:40","slug":"merac-izol-odporu-napatim-500v-dc-merac-prechod-odporu-prudom-200ma","status":"publish","type":"product","link":"https:\/\/www.electron.sk\/?product=merac-izol-odporu-napatim-500v-dc-merac-prechod-odporu-prudom-200ma","title":{"rendered":"UniMini 05"},"content":{"rendered":"<p>Pr\u00edstroj UniMINI umo\u017e\u0148uje vykona\u0165 z\u00e1kladn\u00e9 rev\u00edzne merania! Pr\u00edstroj je mal\u00fd, \u013eahko prenosn\u00fd.<br \/>\nNameran\u00e9 hodnoty s\u00fa zobrazovan\u00e9 na prieh\u013eadnom grafickom OLED displeji s podsvieten\u00edm.<\/p>\n<p><a href=\"https:\/\/www.electron.sk\/wp-content\/uploads\/2024\/03\/UniMini-05.pdf\" target=\"_blank\" rel=\"noopener\">N\u00e1vod na stiahnutie<\/a><\/p>\n","protected":false},"excerpt":{"rendered":"<p>Pr\u00edstroj UniMINI umo\u017e\u0148uje vykona\u0165 z\u00e1kladn\u00e9 rev\u00edzne merania! Pr\u00edstroj je mal\u00fd, \u013eahko prenosn\u00fd. Nameran\u00e9 hodnoty s\u00fa zobrazovan\u00e9 na prieh\u013eadnom grafickom OLED displeji s podsvieten\u00edm. N\u00e1vod na stiahnutie<\/p>\n","protected":false},"featured_media":2201,"comment_status":"open","ping_status":"closed","template":"","meta":[],"product_brand":[],"product_cat":[34],"product_tag":[],"class_list":{"0":"post-1018","1":"product","2":"type-product","3":"status-publish","4":"has-post-thumbnail","6":"product_cat-zdruzene-revizne-pristroje","8":"first","9":"instock","10":"taxable","11":"shipping-taxable","12":"purchasable","13":"product-type-simple"},"_links":{"self":[{"href":"https:\/\/www.electron.sk\/index.php?rest_route=\/wp\/v2\/product\/1018","targetHints":{"allow":["GET"]}}],"collection":[{"href":"https:\/\/www.electron.sk\/index.php?rest_route=\/wp\/v2\/product"}],"about":[{"href":"https:\/\/www.electron.sk\/index.php?rest_route=\/wp\/v2\/types\/product"}],"replies":[{"embeddable":true,"href":"https:\/\/www.electron.sk\/index.php?rest_route=%2Fwp%2Fv2%2Fcomments&post=1018"}],"wp:featuredmedia":[{"embeddable":true,"href":"https:\/\/www.electron.sk\/index.php?rest_route=\/wp\/v2\/media\/2201"}],"wp:attachment":[{"href":"https:\/\/www.electron.sk\/index.php?rest_route=%2Fwp%2Fv2%2Fmedia&parent=1018"}],"wp:term":[{"taxonomy":"product_brand","embeddable":true,"href":"https:\/\/www.electron.sk\/index.php?rest_route=%2Fwp%2Fv2%2Fproduct_brand&post=1018"},{"taxonomy":"product_cat","embeddable":true,"href":"https:\/\/www.electron.sk\/index.php?rest_route=%2Fwp%2Fv2%2Fproduct_cat&post=1018"},{"taxonomy":"product_tag","embeddable":true,"href":"https:\/\/www.electron.sk\/index.php?rest_route=%2Fwp%2Fv2%2Fproduct_tag&post=1018"}],"curies":[{"name":"wp","href":"https:\/\/api.w.org\/{rel}","templated":true}]}}