{"id":8,"date":"2024-01-08T20:16:15","date_gmt":"2024-01-08T19:16:15","guid":{"rendered":"https:\/\/www.electron.sk\/index.php\/kosik\/"},"modified":"2024-04-03T13:51:11","modified_gmt":"2024-04-03T11:51:11","slug":"kosik","status":"publish","type":"page","link":"https:\/\/www.electron.sk\/?page_id=8","title":{"rendered":"Ko\u0161\u00edk"},"content":{"rendered":"\t\t<div data-elementor-type=\"wp-page\" data-elementor-id=\"8\" class=\"elementor elementor-8\" data-elementor-post-type=\"page\">\n\t\t\t\t<div class=\"elementor-element elementor-element-cb1f054 e-con-full e-flex e-con e-parent\" data-id=\"cb1f054\" data-element_type=\"container\" data-e-type=\"container\">\n\t\t\t\t<div class=\"elementor-element elementor-element-acd8610 elementor-widget elementor-widget-wc-elements\" data-id=\"acd8610\" data-element_type=\"widget\" data-e-type=\"widget\" data-widget_type=\"wc-elements.default\">\n\t\t\t\t<div class=\"elementor-widget-container\">\n\t\t\t\t\t<div class=\"woocommerce\"><div class=\"woocommerce-notices-wrapper\"><\/div>\n<form class=\"woocommerce-cart-form\" action=\"https:\/\/www.electron.sk\/?page_id=8\" method=\"post\">\n\t\n\t<table class=\"shop_table shop_table_responsive cart woocommerce-cart-form__contents\" cellspacing=\"0\">\n\t\t<thead>\n\t\t\t<tr>\n\t\t\t\t<th class=\"product-remove\"><span class=\"screen-reader-text\">Odobra\u0165 polo\u017eku<\/span><\/th>\n\t\t\t\t<th class=\"product-thumbnail\"><span class=\"screen-reader-text\">Obr\u00e1zok miniat\u00fary<\/span><\/th>\n\t\t\t\t<th scope=\"col\" class=\"product-name\">Produkt<\/th>\n\t\t\t\t<th scope=\"col\" class=\"product-price\">Cena<\/th>\n\t\t\t\t<th scope=\"col\" class=\"product-quantity\">Po\u010det<\/th>\n\t\t\t\t<th scope=\"col\" class=\"product-subtotal\">Medzis\u00fa\u010det<\/th>\n\t\t\t<\/tr>\n\t\t<\/thead>\n\t\t<tbody>\n\t\t\t\n\t\t\t\t\t\t\t\t<tr class=\"woocommerce-cart-form__cart-item cart_item\">\n\n\t\t\t\t\t\t<td class=\"product-remove\">\n\t\t\t\t\t\t\t<a role=\"button\" href=\"https:\/\/www.electron.sk\/?page_id=8&#038;remove_item=883e881bb4d22a7add958f2d6b052c9f&#038;_wpnonce=7bb736d5aa\" class=\"remove\" aria-label=\"Odobra\u0165 ELMER 02EL z ko\u0161\u00edka\" data-product_id=\"1027\" data-product_sku=\"ELMER 02EL\">&times;<\/a>\t\t\t\t\t\t<\/td>\n\n\t\t\t\t\t\t<td class=\"product-thumbnail\">\n\t\t\t\t\t\t<a href=\"https:\/\/www.electron.sk\/?product=elmer-02el\"><img fetchpriority=\"high\" decoding=\"async\" width=\"300\" height=\"300\" src=\"https:\/\/www.electron.sk\/wp-content\/uploads\/woocommerce-placeholder-300x300.png\" class=\"woocommerce-placeholder wp-post-image\" alt=\"Z\u00e1stupn\u00fd\" srcset=\"https:\/\/www.electron.sk\/wp-content\/uploads\/woocommerce-placeholder-300x300.png 300w, https:\/\/www.electron.sk\/wp-content\/uploads\/woocommerce-placeholder-32x32.png 32w, https:\/\/www.electron.sk\/wp-content\/uploads\/woocommerce-placeholder-150x150.png 150w, https:\/\/www.electron.sk\/wp-content\/uploads\/woocommerce-placeholder-768x768.png 768w, https:\/\/www.electron.sk\/wp-content\/uploads\/woocommerce-placeholder-1024x1024.png 1024w, https:\/\/www.electron.sk\/wp-content\/uploads\/woocommerce-placeholder-600x600.png 600w, https:\/\/www.electron.sk\/wp-content\/uploads\/woocommerce-placeholder-100x100.png 100w, https:\/\/www.electron.sk\/wp-content\/uploads\/woocommerce-placeholder.png 1200w\" sizes=\"(max-width: 300px) 100vw, 300px\" \/><\/a>\t\t\t\t\t\t<\/td>\n\n\t\t\t\t\t\t<td scope=\"row\" role=\"rowheader\" class=\"product-name\" data-title=\"Produkt\">\n\t\t\t\t\t\t<a href=\"https:\/\/www.electron.sk\/?product=elmer-02el\">ELMER 02EL<\/a>\t\t\t\t\t\t<\/td>\n\n\t\t\t\t\t\t<td class=\"product-price\" data-title=\"Cena\">\n\t\t\t\t\t\t\t<span class=\"woocommerce-Price-amount amount\"><bdi>1118,00&nbsp;<span class=\"woocommerce-Price-currencySymbol\">&euro;<\/span><\/bdi><\/span>\t\t\t\t\t\t<\/td>\n\n\t\t\t\t\t\t<td class=\"product-quantity\" data-title=\"Po\u010det\">\n\t\t\t\t\t\t<div class=\"quantity\">\n\t\t<label class=\"screen-reader-text\" for=\"quantity_69ece87ad335c\">mno\u017estvo ELMER 02EL<\/label>\n\t<input\n\t\ttype=\"number\"\n\t\t\t\tid=\"quantity_69ece87ad335c\"\n\t\tclass=\"input-text qty text\"\n\t\tname=\"cart[883e881bb4d22a7add958f2d6b052c9f][qty]\"\n\t\tvalue=\"1\"\n\t\taria-label=\"Mno\u017estvo produktu\"\n\t\t\t\tmin=\"0\"\n\t\t\t\t\t\t\tstep=\"1\"\n\t\t\tplaceholder=\"\"\n\t\t\tinputmode=\"numeric\"\n\t\t\tautocomplete=\"off\"\n\t\t\t\/>\n\t<\/div>\n\t\t\t\t\t\t<\/td>\n\n\t\t\t\t\t\t<td class=\"product-subtotal\" data-title=\"Medzis\u00fa\u010det\">\n\t\t\t\t\t\t\t<span class=\"woocommerce-Price-amount amount\"><bdi>1118,00&nbsp;<span class=\"woocommerce-Price-currencySymbol\">&euro;<\/span><\/bdi><\/span>\t\t\t\t\t\t<\/td>\n\t\t\t\t\t<\/tr>\n\t\t\t\t\t\t\t\t\t\t<tr class=\"woocommerce-cart-form__cart-item cart_item\">\n\n\t\t\t\t\t\t<td class=\"product-remove\">\n\t\t\t\t\t\t\t<a role=\"button\" href=\"https:\/\/www.electron.sk\/?page_id=8&#038;remove_item=93d65641ff3f1586614cf2c1ad240b6c&#038;_wpnonce=7bb736d5aa\" class=\"remove\" aria-label=\"Odobra\u0165 UNIMER 09 Profi z ko\u0161\u00edka\" data-product_id=\"1022\" data-product_sku=\"Unimer 09 Profi\">&times;<\/a>\t\t\t\t\t\t<\/td>\n\n\t\t\t\t\t\t<td class=\"product-thumbnail\">\n\t\t\t\t\t\t<a href=\"https:\/\/www.electron.sk\/?product=unimer-09-profi\"><img decoding=\"async\" width=\"300\" height=\"398\" src=\"https:\/\/www.electron.sk\/wp-content\/uploads\/2024\/02\/UNIMER_09_Profi_C-300x398.png\" class=\"attachment-woocommerce_thumbnail size-woocommerce_thumbnail\" alt=\"UNIMER 09 Profi\" srcset=\"https:\/\/www.electron.sk\/wp-content\/uploads\/2024\/02\/UNIMER_09_Profi_C-300x398.png 300w, https:\/\/www.electron.sk\/wp-content\/uploads\/2024\/02\/UNIMER_09_Profi_C-600x795.png 600w, https:\/\/www.electron.sk\/wp-content\/uploads\/2024\/02\/UNIMER_09_Profi_C-226x300.png 226w, https:\/\/www.electron.sk\/wp-content\/uploads\/2024\/02\/UNIMER_09_Profi_C.png 642w\" sizes=\"(max-width: 300px) 100vw, 300px\" \/><\/a>\t\t\t\t\t\t<\/td>\n\n\t\t\t\t\t\t<td scope=\"row\" role=\"rowheader\" class=\"product-name\" data-title=\"Produkt\">\n\t\t\t\t\t\t<a href=\"https:\/\/www.electron.sk\/?product=unimer-09-profi\">UNIMER 09 Profi<\/a>\t\t\t\t\t\t<\/td>\n\n\t\t\t\t\t\t<td class=\"product-price\" data-title=\"Cena\">\n\t\t\t\t\t\t\t<span class=\"woocommerce-Price-amount amount\"><bdi>976,00&nbsp;<span class=\"woocommerce-Price-currencySymbol\">&euro;<\/span><\/bdi><\/span>\t\t\t\t\t\t<\/td>\n\n\t\t\t\t\t\t<td class=\"product-quantity\" data-title=\"Po\u010det\">\n\t\t\t\t\t\t<div class=\"quantity\">\n\t\t<label class=\"screen-reader-text\" for=\"quantity_69ece87ad433c\">mno\u017estvo UNIMER 09 Profi<\/label>\n\t<input\n\t\ttype=\"number\"\n\t\t\t\tid=\"quantity_69ece87ad433c\"\n\t\tclass=\"input-text qty text\"\n\t\tname=\"cart[93d65641ff3f1586614cf2c1ad240b6c][qty]\"\n\t\tvalue=\"1\"\n\t\taria-label=\"Mno\u017estvo produktu\"\n\t\t\t\tmin=\"0\"\n\t\t\t\t\t\t\tstep=\"1\"\n\t\t\tplaceholder=\"\"\n\t\t\tinputmode=\"numeric\"\n\t\t\tautocomplete=\"off\"\n\t\t\t\/>\n\t<\/div>\n\t\t\t\t\t\t<\/td>\n\n\t\t\t\t\t\t<td class=\"product-subtotal\" data-title=\"Medzis\u00fa\u010det\">\n\t\t\t\t\t\t\t<span class=\"woocommerce-Price-amount amount\"><bdi>976,00&nbsp;<span class=\"woocommerce-Price-currencySymbol\">&euro;<\/span><\/bdi><\/span>\t\t\t\t\t\t<\/td>\n\t\t\t\t\t<\/tr>\n\t\t\t\t\t\t\t\t\t\t<tr class=\"woocommerce-cart-form__cart-item cart_item\">\n\n\t\t\t\t\t\t<td class=\"product-remove\">\n\t\t\t\t\t\t\t<a role=\"button\" href=\"https:\/\/www.electron.sk\/?page_id=8&#038;remove_item=bdb106a0560c4e46ccc488ef010af787&#038;_wpnonce=7bb736d5aa\" class=\"remove\" aria-label=\"Odobra\u0165 UNIMER 02 z ko\u0161\u00edka\" data-product_id=\"1034\" data-product_sku=\"UNIMER 02\">&times;<\/a>\t\t\t\t\t\t<\/td>\n\n\t\t\t\t\t\t<td class=\"product-thumbnail\">\n\t\t\t\t\t\t<a href=\"https:\/\/www.electron.sk\/?product=unimer-02\"><img decoding=\"async\" width=\"300\" height=\"421\" src=\"https:\/\/www.electron.sk\/wp-content\/uploads\/2024\/02\/UNIMER_02_A-300x421.png\" class=\"attachment-woocommerce_thumbnail size-woocommerce_thumbnail\" alt=\"UNIMER 02\" srcset=\"https:\/\/www.electron.sk\/wp-content\/uploads\/2024\/02\/UNIMER_02_A-300x421.png 300w, https:\/\/www.electron.sk\/wp-content\/uploads\/2024\/02\/UNIMER_02_A-600x843.png 600w, https:\/\/www.electron.sk\/wp-content\/uploads\/2024\/02\/UNIMER_02_A-214x300.png 214w, https:\/\/www.electron.sk\/wp-content\/uploads\/2024\/02\/UNIMER_02_A.png 657w\" sizes=\"(max-width: 300px) 100vw, 300px\" \/><\/a>\t\t\t\t\t\t<\/td>\n\n\t\t\t\t\t\t<td scope=\"row\" role=\"rowheader\" class=\"product-name\" data-title=\"Produkt\">\n\t\t\t\t\t\t<a href=\"https:\/\/www.electron.sk\/?product=unimer-02\">UNIMER 02<\/a>\t\t\t\t\t\t<\/td>\n\n\t\t\t\t\t\t<td class=\"product-price\" data-title=\"Cena\">\n\t\t\t\t\t\t\t<span class=\"woocommerce-Price-amount amount\"><bdi>459,00&nbsp;<span class=\"woocommerce-Price-currencySymbol\">&euro;<\/span><\/bdi><\/span>\t\t\t\t\t\t<\/td>\n\n\t\t\t\t\t\t<td class=\"product-quantity\" data-title=\"Po\u010det\">\n\t\t\t\t\t\t<div class=\"quantity\">\n\t\t<label class=\"screen-reader-text\" for=\"quantity_69ece87ad5a85\">mno\u017estvo UNIMER 02<\/label>\n\t<input\n\t\ttype=\"number\"\n\t\t\t\tid=\"quantity_69ece87ad5a85\"\n\t\tclass=\"input-text qty text\"\n\t\tname=\"cart[bdb106a0560c4e46ccc488ef010af787][qty]\"\n\t\tvalue=\"1\"\n\t\taria-label=\"Mno\u017estvo produktu\"\n\t\t\t\tmin=\"0\"\n\t\t\t\t\t\t\tstep=\"1\"\n\t\t\tplaceholder=\"\"\n\t\t\tinputmode=\"numeric\"\n\t\t\tautocomplete=\"off\"\n\t\t\t\/>\n\t<\/div>\n\t\t\t\t\t\t<\/td>\n\n\t\t\t\t\t\t<td class=\"product-subtotal\" data-title=\"Medzis\u00fa\u010det\">\n\t\t\t\t\t\t\t<span class=\"woocommerce-Price-amount amount\"><bdi>459,00&nbsp;<span class=\"woocommerce-Price-currencySymbol\">&euro;<\/span><\/bdi><\/span>\t\t\t\t\t\t<\/td>\n\t\t\t\t\t<\/tr>\n\t\t\t\t\t\t\t\t\t\t<tr class=\"woocommerce-cart-form__cart-item cart_item\">\n\n\t\t\t\t\t\t<td class=\"product-remove\">\n\t\t\t\t\t\t\t<a role=\"button\" href=\"https:\/\/www.electron.sk\/?page_id=8&#038;remove_item=0768281a05da9f27df178b5c39a51263&#038;_wpnonce=7bb736d5aa\" class=\"remove\" aria-label=\"Odobra\u0165 UNIMER 09 z ko\u0161\u00edka\" data-product_id=\"1021\" data-product_sku=\"UNIMER 09\">&times;<\/a>\t\t\t\t\t\t<\/td>\n\n\t\t\t\t\t\t<td class=\"product-thumbnail\">\n\t\t\t\t\t\t<a href=\"https:\/\/www.electron.sk\/?product=unimer-09\"><img loading=\"lazy\" decoding=\"async\" width=\"300\" height=\"378\" src=\"https:\/\/www.electron.sk\/wp-content\/uploads\/2024\/02\/UNI_09_A1-300x378.png\" class=\"attachment-woocommerce_thumbnail size-woocommerce_thumbnail\" alt=\"UNIMER 09\" srcset=\"https:\/\/www.electron.sk\/wp-content\/uploads\/2024\/02\/UNI_09_A1-300x378.png 300w, https:\/\/www.electron.sk\/wp-content\/uploads\/2024\/02\/UNI_09_A1-600x756.png 600w, https:\/\/www.electron.sk\/wp-content\/uploads\/2024\/02\/UNI_09_A1-238x300.png 238w, https:\/\/www.electron.sk\/wp-content\/uploads\/2024\/02\/UNI_09_A1.png 670w\" sizes=\"(max-width: 300px) 100vw, 300px\" \/><\/a>\t\t\t\t\t\t<\/td>\n\n\t\t\t\t\t\t<td scope=\"row\" role=\"rowheader\" class=\"product-name\" data-title=\"Produkt\">\n\t\t\t\t\t\t<a href=\"https:\/\/www.electron.sk\/?product=unimer-09\">UNIMER 09<\/a>\t\t\t\t\t\t<\/td>\n\n\t\t\t\t\t\t<td class=\"product-price\" data-title=\"Cena\">\n\t\t\t\t\t\t\t<span class=\"woocommerce-Price-amount amount\"><bdi>938,00&nbsp;<span class=\"woocommerce-Price-currencySymbol\">&euro;<\/span><\/bdi><\/span>\t\t\t\t\t\t<\/td>\n\n\t\t\t\t\t\t<td class=\"product-quantity\" data-title=\"Po\u010det\">\n\t\t\t\t\t\t<div class=\"quantity\">\n\t\t<label class=\"screen-reader-text\" for=\"quantity_69ece87ad6715\">mno\u017estvo UNIMER 09<\/label>\n\t<input\n\t\ttype=\"number\"\n\t\t\t\tid=\"quantity_69ece87ad6715\"\n\t\tclass=\"input-text qty text\"\n\t\tname=\"cart[0768281a05da9f27df178b5c39a51263][qty]\"\n\t\tvalue=\"1\"\n\t\taria-label=\"Mno\u017estvo produktu\"\n\t\t\t\tmin=\"0\"\n\t\t\t\t\t\t\tstep=\"1\"\n\t\t\tplaceholder=\"\"\n\t\t\tinputmode=\"numeric\"\n\t\t\tautocomplete=\"off\"\n\t\t\t\/>\n\t<\/div>\n\t\t\t\t\t\t<\/td>\n\n\t\t\t\t\t\t<td class=\"product-subtotal\" data-title=\"Medzis\u00fa\u010det\">\n\t\t\t\t\t\t\t<span class=\"woocommerce-Price-amount amount\"><bdi>938,00&nbsp;<span class=\"woocommerce-Price-currencySymbol\">&euro;<\/span><\/bdi><\/span>\t\t\t\t\t\t<\/td>\n\t\t\t\t\t<\/tr>\n\t\t\t\t\t\n\t\t\t\n\t\t\t<tr>\n\t\t\t\t<td colspan=\"6\" class=\"actions\">\n\n\t\t\t\t\t\t\t\t\t\t\t<div class=\"coupon\">\n\t\t\t\t\t\t\t<label for=\"coupon_code\" class=\"screen-reader-text\">Kup\u00f3n:<\/label> <input type=\"text\" name=\"coupon_code\" class=\"input-text\" id=\"coupon_code\" value=\"\" placeholder=\"K\u00f3d kup\u00f3nu\" \/> <button type=\"submit\" class=\"button\" name=\"apply_coupon\" value=\"Pou\u017ei\u0165 kup\u00f3n\">Pou\u017ei\u0165 kup\u00f3n<\/button>\n\t\t\t\t\t\t\t\t\t\t\t\t\t<\/div>\n\t\t\t\t\t\n\t\t\t\t\t<button type=\"submit\" class=\"button\" name=\"update_cart\" value=\"Aktualizova\u0165 ko\u0161\u00edk\">Aktualizova\u0165 ko\u0161\u00edk<\/button>\n\n\t\t\t\t\t\n\t\t\t\t\t<input type=\"hidden\" id=\"woocommerce-cart-nonce\" name=\"woocommerce-cart-nonce\" value=\"7bb736d5aa\" \/><input type=\"hidden\" name=\"_wp_http_referer\" value=\"\/index.php?rest_route=%2Fwp%2Fv2%2Fpages%2F8\" \/>\t\t\t\t<\/td>\n\t\t\t<\/tr>\n\n\t\t\t\t\t<\/tbody>\n\t<\/table>\n\t<div class=\"wt_coupon_wrapper\"><style type=\"text\/css\">.wt_sc_single_coupon{ display:inline-block; width:300px; max-width:350px; height:auto; padding:5px; text-align:center; background:#2890a8; color:#ffffff; position:relative; box-sizing: border-box; direction: ltr; }\n        .wt_sc_single_coupon .wt_sc_hidden{ display:none; }\n        .wt_sc_single_coupon.active-coupon{ cursor:pointer; }\n        .wt_sc_coupon_amount{ font-size:30px; margin-right:5px; line-height:22px; font-weight:500; }\n        .wt_sc_coupon_type{ font-size:20px;  font-weight:500; line-height:22px; overflow: hidden; text-overflow: ellipsis; white-space: nowrap; }\n        .wt_sc_coupon_code{ float:left; width:100%; font-size:19px; line-height:22px; }\n        .wt_sc_coupon_code code{ background:none; font-size:15px; opacity:0.7; display:inline-block; line-height:22px; max-width:100%; word-wrap:break-word; }\n        .wt_sc_coupon_content{ padding:10px 0px; float:left; width:100%; }   \n        .wt_sc_coupon_desc_wrapper:hover .wt_sc_coupon_desc{ display:block}\n        .wt_sc_coupon_desc{position:absolute; top:-18px; background:#333; color:#fff; text-shadow:none; text-align:left; font-size:12px; width:200px; right:-220px; padding:10px 20px; z-index:100; border-radius:8px; display:none; }\n        .wt_sc_coupon_desc ul{margin:0!important;text-align:left;list-style-type:disc}\n        .wt_sc_coupon_desc ul li{padding:0;margin:0;width:100%;height:auto;min-height:auto;list-style-type:disc!important}\n        .wt_sc_coupon_desc_wrapper i.info{position:absolute; top:6px; right:10px; font-size:13px; font-weight:700; border-radius:100%; width:20px; height:20px; background:#fff; text-shadow:none; color:#2890a8; font-style:normal; cursor:pointer; line-height:20px; box-shadow:1px 1px 4px #333; }\n\n        .wt_sc_credit_history_url{font-size:13px;font-weight:700;border-radius:100%;width:20px;height:20px;text-shadow:none;font-style:normal;cursor:pointer;position:absolute;right:12px;bottom:10px;text-align:center;line-height:20px;text-decoration:none!important;background:#fff}\n        .wt_sc_credit_history_url span{font:bold 14px\/1 dashicons}\n        a.wt_sc_credit_history_url span:before{ line-height:20px; color:#2890a8; }\n        .wbte_sc_coupon_layout_expired_text{ color: #D63638; font-size: 13px; font-weight: 500; position: absolute; top: 50%; left: 50%; transform: translate(-50%, -50%); z-index: 10; } \n        .wbte_sc_coupon_layout_expired_overlay{ position: absolute; top: 0; left: 0; width: 100%; height: 100%; background-color: #c5c5c580; z-index: 9; }\n\n        @media only screen and (max-width: 700px)  {\n          .wt_sc_coupon_content{z-index: 5; }\n          .wt_sc_single_coupon .wt_sc_coupon_desc{ z-index: 100; right:auto; top:30px; left:0px; }\n        }<\/style><\/div><\/form>\n\n\n<div class=\"cart-collaterals\">\n\t<div class=\"cart_totals \">\n\n\t\n\t<h2>Sum\u00e1r ko\u0161\u00edka<\/h2>\n\n\t<table cellspacing=\"0\" class=\"shop_table shop_table_responsive\">\n\n\t\t<tr class=\"cart-subtotal\">\n\t\t\t<th>Medzis\u00fa\u010det<\/th>\n\t\t\t<td data-title=\"Medzis\u00fa\u010det\"><span class=\"woocommerce-Price-amount amount\"><bdi>3491,00&nbsp;<span class=\"woocommerce-Price-currencySymbol\">&euro;<\/span><\/bdi><\/span><\/td>\n\t\t<\/tr>\n\n\t\t\n\t\t\n\t\t\t\n\t\t\t<tr class=\"woocommerce-shipping-totals shipping\">\n\t<th>Doprava<\/th>\n\t<td data-title=\"Doprava\">\n\t\t\t\t\t<ul id=\"shipping_method\" class=\"woocommerce-shipping-methods\">\n\t\t\t\t\t\t\t\t\t<li>\n\t\t\t\t\t\t<input type=\"radio\" name=\"shipping_method[0]\" data-index=\"0\" id=\"shipping_method_0_local_pickup1\" value=\"local_pickup:1\" class=\"shipping_method\"  checked='checked' \/><label for=\"shipping_method_0_local_pickup1\">OSOBN\u00dd ODBER<\/label>\t\t\t\t\t<\/li>\n\t\t\t\t\t\t\t\t\t<li>\n\t\t\t\t\t\t<input type=\"radio\" name=\"shipping_method[0]\" data-index=\"0\" id=\"shipping_method_0_local_pickup6\" value=\"local_pickup:6\" class=\"shipping_method\"  \/><label for=\"shipping_method_0_local_pickup6\">Kurierska slu\u017eba: <span class=\"woocommerce-Price-amount amount\"><bdi>4,00&nbsp;<span class=\"woocommerce-Price-currencySymbol\">&euro;<\/span><\/bdi><\/span><\/label>\t\t\t\t\t<\/li>\n\t\t\t\t\t\t\t<\/ul>\n\t\t\t\t\t\t\t<p class=\"woocommerce-shipping-destination\">\n\t\t\t\t\t<span class=\"woocommerce-shipping-estimate-html e-checkout-message e-cart-content\">Mo\u017enosti dopravy bud\u00fa aktualizovan\u00e9 v pokladni.<\/span>\t\t\t\t<\/p>\n\t\t\t\t\t\t\n\t\t\n\t\t\t\t\t\t\t\t<\/td>\n<\/tr>\n\n\t\t\t\n\t\t\n\t\t\n\t\t\t\t\t\t\t<tr class=\"tax-rate tax-rate-sk-dph-23-1\">\n\t\t\t\t\t\t<th>DPH (23%)<\/th>\n\t\t\t\t\t\t<td data-title=\"DPH (23%)\"><span class=\"woocommerce-Price-amount amount\">802,93&nbsp;<span class=\"woocommerce-Price-currencySymbol\">&euro;<\/span><\/span><\/td>\n\t\t\t\t\t<\/tr>\n\t\t\t\t\t\n\t\t\n\t\t<tr class=\"order-total\">\n\t\t\t<th>Cena spolu<\/th>\n\t\t\t<td data-title=\"Cena spolu\"><strong><span class=\"woocommerce-Price-amount amount\"><bdi>4293,93&nbsp;<span class=\"woocommerce-Price-currencySymbol\">&euro;<\/span><\/bdi><\/span><\/strong> <\/td>\n\t\t<\/tr>\n\n\t\t\n\t<\/table>\n\n\t<div class=\"wc-proceed-to-checkout\">\n\t\t\n<a href=\"https:\/\/www.electron.sk\/?page_id=9\" class=\"checkout-button button alt wc-forward\">\n\tSkontrolova\u0165 a objedna\u0165<\/a>\n\t<\/div>\n\n\t\n<\/div>\n<\/div>\n\n<\/div>\t\t\t\t<\/div>\n\t\t\t\t<\/div>\n\t\t\t\t<\/div>\n\t\t\t\t<\/div>\n\t\t","protected":false},"excerpt":{"rendered":"","protected":false},"author":1,"featured_media":0,"parent":0,"menu_order":0,"comment_status":"closed","ping_status":"closed","template":"","meta":{"footnotes":""},"class_list":["post-8","page","type-page","status-publish","hentry"],"_links":{"self":[{"href":"https:\/\/www.electron.sk\/index.php?rest_route=\/wp\/v2\/pages\/8","targetHints":{"allow":["GET"]}}],"collection":[{"href":"https:\/\/www.electron.sk\/index.php?rest_route=\/wp\/v2\/pages"}],"about":[{"href":"https:\/\/www.electron.sk\/index.php?rest_route=\/wp\/v2\/types\/page"}],"author":[{"embeddable":true,"href":"https:\/\/www.electron.sk\/index.php?rest_route=\/wp\/v2\/users\/1"}],"replies":[{"embeddable":true,"href":"https:\/\/www.electron.sk\/index.php?rest_route=%2Fwp%2Fv2%2Fcomments&post=8"}],"version-history":[{"count":69,"href":"https:\/\/www.electron.sk\/index.php?rest_route=\/wp\/v2\/pages\/8\/revisions"}],"predecessor-version":[{"id":2264,"href":"https:\/\/www.electron.sk\/index.php?rest_route=\/wp\/v2\/pages\/8\/revisions\/2264"}],"wp:attachment":[{"href":"https:\/\/www.electron.sk\/index.php?rest_route=%2Fwp%2Fv2%2Fmedia&parent=8"}],"curies":[{"name":"wp","href":"https:\/\/api.w.org\/{rel}","templated":true}]}}