{"id":1086,"date":"2024-02-21T11:40:07","date_gmt":"2024-02-21T10:40:07","guid":{"rendered":"https:\/\/www.electron.sk\/?page_id=1086"},"modified":"2024-05-31T12:33:54","modified_gmt":"2024-05-31T10:33:54","slug":"kalibracne-sluzby","status":"publish","type":"page","link":"https:\/\/www.electron.sk\/?page_id=1086","title":{"rendered":"Kalibra\u010dn\u00e9 slu\u017eby"},"content":{"rendered":"\t\t<div data-elementor-type=\"wp-page\" data-elementor-id=\"1086\" class=\"elementor elementor-1086\" data-elementor-post-type=\"page\">\n\t\t\t\t<div class=\"elementor-element elementor-element-c4abcca e-flex e-con-boxed e-con e-parent\" data-id=\"c4abcca\" data-element_type=\"container\" data-e-type=\"container\">\n\t\t\t\t\t<div class=\"e-con-inner\">\n\t\t\t\t<div class=\"elementor-element elementor-element-2f5dd0b elementor-widget elementor-widget-heading\" data-id=\"2f5dd0b\" data-element_type=\"widget\" data-e-type=\"widget\" data-widget_type=\"heading.default\">\n\t\t\t\t<div class=\"elementor-widget-container\">\n\t\t\t\t\t<h2 class=\"elementor-heading-title elementor-size-default\"><span style=\"font-family: arial, verdana, sans-serif;font-size: 14.4px;font-weight: 400;letter-spacing: normal\">Poskytujeme kalibra\u010dn\u00e9 slu\u017eby nielen na\u0161ich merac\u00edch pr\u00edstrojov ale aj&nbsp;merac\u00edch pr\u00edstrojov in\u00fdch firiem.&nbsp;<\/span><br style=\"font-family: arial, verdana, sans-serif;font-size: 14.4px;font-weight: 400;letter-spacing: normal\"><span style=\"font-family: arial, verdana, sans-serif;font-size: 14.4px;font-weight: 400;letter-spacing: normal;line-height: 1.6em\">Ak m\u00e1te z\u00e1ujem, informujte sa na \u010d\u00edsle&nbsp;<\/span><span style=\"font-family: arial, verdana, sans-serif;font-weight: 400;letter-spacing: normal;font-size: 16px;line-height: 21.6px;text-align: right\">&nbsp;+421 517 723 079.<\/span><br style=\"font-family: arial, verdana, sans-serif;font-size: 14.4px;font-weight: 400;letter-spacing: normal\"><span style=\"font-family: arial, verdana, sans-serif;font-size: 14.4px;font-weight: 400;letter-spacing: normal;line-height: 1.6em\">V pr\u00edpade z\u00e1ujmu o kalibr\u00e1ciu V\u00e1\u0161ho pr\u00edstroja&nbsp;je potrebn\u00e9 posla\u0165 pr\u00edstroj k n\u00e1m. Kalibr\u00e1cia trv\u00e1 1 a\u017e 2 t\u00fd\u017edne.<\/span><\/h2>\t\t\t\t<\/div>\n\t\t\t\t<\/div>\n\t\t\t\t\t<\/div>\n\t\t\t\t<\/div>\n\t\t<div class=\"elementor-element elementor-element-a078a47 e-flex e-con-boxed e-con e-parent\" data-id=\"a078a47\" data-element_type=\"container\" data-e-type=\"container\">\n\t\t\t\t\t<div class=\"e-con-inner\">\n\t\t\t\t<div class=\"elementor-element elementor-element-32c93ce elementor-widget elementor-widget-heading\" data-id=\"32c93ce\" data-element_type=\"widget\" data-e-type=\"widget\" data-widget_type=\"heading.default\">\n\t\t\t\t<div class=\"elementor-widget-container\">\n\t\t\t\t\t<h2 class=\"elementor-heading-title elementor-size-default\"><u style=\"font-family: arial, verdana, sans-serif;font-size: 14.4px;font-weight: 400;letter-spacing: normal\"><strong>Cenn\u00edk kalibra\u010dn\u00fdch slu\u017eieb merac\u00edch pr\u00edstrojov firmy ELECTRON s.r.o.<\/strong><\/u><br>NA CENN\u00cdKU PRACUJEME...<\/h2>\t\t\t\t<\/div>\n\t\t\t\t<\/div>\n\t\t\t\t\t<\/div>\n\t\t\t\t<\/div>\n\t\t<div class=\"elementor-element elementor-element-1cb173f e-flex e-con-boxed e-con e-parent\" data-id=\"1cb173f\" data-element_type=\"container\" data-e-type=\"container\">\n\t\t\t\t\t<div class=\"e-con-inner\">\n\t\t\t\t\t<\/div>\n\t\t\t\t<\/div>\n\t\t<div class=\"elementor-element elementor-element-4696b89 e-flex e-con-boxed e-con e-parent\" data-id=\"4696b89\" data-element_type=\"container\" data-e-type=\"container\">\n\t\t\t\t\t<div class=\"e-con-inner\">\n\t\t\t\t<div class=\"elementor-element elementor-element-551804f elementor-widget elementor-widget-spacer\" data-id=\"551804f\" data-element_type=\"widget\" data-e-type=\"widget\" data-widget_type=\"spacer.default\">\n\t\t\t\t<div class=\"elementor-widget-container\">\n\t\t\t\t\t\t\t<div class=\"elementor-spacer\">\n\t\t\t<div class=\"elementor-spacer-inner\"><\/div>\n\t\t<\/div>\n\t\t\t\t\t\t<\/div>\n\t\t\t\t<\/div>\n\t\t\t\t\t<\/div>\n\t\t\t\t<\/div>\n\t\t<div class=\"elementor-element elementor-element-96e1201 e-flex e-con-boxed e-con e-parent\" data-id=\"96e1201\" data-element_type=\"container\" data-e-type=\"container\">\n\t\t\t\t\t<div class=\"e-con-inner\">\n\t\t<div class=\"elementor-element elementor-element-0b60dde e-con-full e-flex e-con e-child\" data-id=\"0b60dde\" data-element_type=\"container\" data-e-type=\"container\">\n\t\t\t\t<\/div>\n\t\t<div class=\"elementor-element elementor-element-f25efed e-con-full e-flex e-con e-child\" data-id=\"f25efed\" data-element_type=\"container\" data-e-type=\"container\">\n\t\t\t\t<div class=\"elementor-element elementor-element-ba94a36 elementor-widget__width-initial elementor-widget elementor-widget-image\" data-id=\"ba94a36\" data-element_type=\"widget\" data-e-type=\"widget\" data-widget_type=\"image.default\">\n\t\t\t\t<div class=\"elementor-widget-container\">\n\t\t\t\t\t\t\t\t\t\t\t\t\t\t\t<img fetchpriority=\"high\" decoding=\"async\" width=\"600\" height=\"186\" src=\"https:\/\/www.electron.sk\/wp-content\/uploads\/2024\/02\/cropped-electron-v2-min-e1705768315623-1-e1709996087749-600x186.png\" class=\"attachment-woocommerce_single size-woocommerce_single wp-image-1232\" alt=\"\" srcset=\"https:\/\/www.electron.sk\/wp-content\/uploads\/2024\/02\/cropped-electron-v2-min-e1705768315623-1-e1709996087749-600x186.png 600w, https:\/\/www.electron.sk\/wp-content\/uploads\/2024\/02\/cropped-electron-v2-min-e1705768315623-1-e1709996087749-300x93.png 300w, https:\/\/www.electron.sk\/wp-content\/uploads\/2024\/02\/cropped-electron-v2-min-e1705768315623-1-e1709996087749-768x238.png 768w, https:\/\/www.electron.sk\/wp-content\/uploads\/2024\/02\/cropped-electron-v2-min-e1705768315623-1-e1709996087749-1024x317.png 1024w, https:\/\/www.electron.sk\/wp-content\/uploads\/2024\/02\/cropped-electron-v2-min-e1705768315623-1-e1709996087749-1536x475.png 1536w, https:\/\/www.electron.sk\/wp-content\/uploads\/2024\/02\/cropped-electron-v2-min-e1705768315623-1-e1709996087749.png 2007w\" sizes=\"(max-width: 600px) 100vw, 600px\" \/>\t\t\t\t\t\t\t\t\t\t\t\t\t\t\t<\/div>\n\t\t\t\t<\/div>\n\t\t\t\t<\/div>\n\t\t<div class=\"elementor-element elementor-element-be5e268 e-con-full e-flex e-con e-child\" data-id=\"be5e268\" data-element_type=\"container\" data-e-type=\"container\">\n\t\t\t\t<\/div>\n\t\t\t\t\t<\/div>\n\t\t\t\t<\/div>\n\t\t\t\t<\/div>\n\t\t","protected":false},"excerpt":{"rendered":"<p>Poskytujeme kalibra\u010dn\u00e9 slu\u017eby nielen na\u0161ich merac\u00edch pr\u00edstrojov ale aj&nbsp;merac\u00edch pr\u00edstrojov in\u00fdch firiem.&nbsp;Ak m\u00e1te z\u00e1ujem, informujte sa na \u010d\u00edsle&nbsp;&nbsp;+421 517 723 079.V pr\u00edpade z\u00e1ujmu o kalibr\u00e1ciu V\u00e1\u0161ho pr\u00edstroja&nbsp;je potrebn\u00e9 posla\u0165 pr\u00edstroj k n\u00e1m. Kalibr\u00e1cia trv\u00e1 1 a\u017e 2 t\u00fd\u017edne. Cenn\u00edk kalibra\u010dn\u00fdch slu\u017eieb merac\u00edch pr\u00edstrojov firmy ELECTRON s.r.o.NA CENN\u00cdKU PRACUJEME&#8230;<\/p>\n","protected":false},"author":1,"featured_media":0,"parent":0,"menu_order":0,"comment_status":"closed","ping_status":"closed","template":"","meta":{"footnotes":""},"class_list":["post-1086","page","type-page","status-publish","hentry"],"_links":{"self":[{"href":"https:\/\/www.electron.sk\/index.php?rest_route=\/wp\/v2\/pages\/1086","targetHints":{"allow":["GET"]}}],"collection":[{"href":"https:\/\/www.electron.sk\/index.php?rest_route=\/wp\/v2\/pages"}],"about":[{"href":"https:\/\/www.electron.sk\/index.php?rest_route=\/wp\/v2\/types\/page"}],"author":[{"embeddable":true,"href":"https:\/\/www.electron.sk\/index.php?rest_route=\/wp\/v2\/users\/1"}],"replies":[{"embeddable":true,"href":"https:\/\/www.electron.sk\/index.php?rest_route=%2Fwp%2Fv2%2Fcomments&post=1086"}],"version-history":[{"count":13,"href":"https:\/\/www.electron.sk\/index.php?rest_route=\/wp\/v2\/pages\/1086\/revisions"}],"predecessor-version":[{"id":2552,"href":"https:\/\/www.electron.sk\/index.php?rest_route=\/wp\/v2\/pages\/1086\/revisions\/2552"}],"wp:attachment":[{"href":"https:\/\/www.electron.sk\/index.php?rest_route=%2Fwp%2Fv2%2Fmedia&parent=1086"}],"curies":[{"name":"wp","href":"https:\/\/api.w.org\/{rel}","templated":true}]}}