{"id":1005,"date":"2024-02-20T17:43:30","date_gmt":"2024-02-20T16:43:30","guid":{"rendered":"https:\/\/www.electron.sk\/?page_id=1005"},"modified":"2024-05-22T13:16:16","modified_gmt":"2024-05-22T11:16:16","slug":"aktualny-cennik","status":"publish","type":"page","link":"https:\/\/www.electron.sk\/?page_id=1005","title":{"rendered":"Aktu\u00e1lny Cenn\u00edk"},"content":{"rendered":"\t\t<div data-elementor-type=\"wp-page\" data-elementor-id=\"1005\" class=\"elementor elementor-1005\" data-elementor-post-type=\"page\">\n\t\t\t\t<div class=\"elementor-element elementor-element-760f57f e-con-full e-flex e-con e-parent\" data-id=\"760f57f\" data-element_type=\"container\" data-e-type=\"container\" data-settings=\"{&quot;background_background&quot;:&quot;classic&quot;}\">\n\t\t\t\t<div class=\"elementor-element elementor-element-57c9a2c elementor-widget__width-inherit elementor-widget elementor-widget-heading\" data-id=\"57c9a2c\" data-element_type=\"widget\" data-e-type=\"widget\" data-widget_type=\"heading.default\">\n\t\t\t\t<div class=\"elementor-widget-container\">\n\t\t\t\t\t<h2 class=\"elementor-heading-title elementor-size-default\">Aktu\u00e1lny cenn\u00edk<\/h2>\t\t\t\t<\/div>\n\t\t\t\t<\/div>\n\t\t\t\t<div class=\"elementor-element elementor-element-451cacc elementor-widget-divider--view-line elementor-widget elementor-widget-divider\" data-id=\"451cacc\" data-element_type=\"widget\" data-e-type=\"widget\" data-widget_type=\"divider.default\">\n\t\t\t\t<div class=\"elementor-widget-container\">\n\t\t\t\t\t\t\t<div class=\"elementor-divider\">\n\t\t\t<span class=\"elementor-divider-separator\">\n\t\t\t\t\t\t<\/span>\n\t\t<\/div>\n\t\t\t\t\t\t<\/div>\n\t\t\t\t<\/div>\n\t\t\t\t<div class=\"elementor-element elementor-element-b00ab94 elementor-widget elementor-widget-text-editor\" data-id=\"b00ab94\" data-element_type=\"widget\" data-e-type=\"widget\" data-widget_type=\"text-editor.default\">\n\t\t\t\t<div class=\"elementor-widget-container\">\n\t\t\t\t\t\t\t\t\t<p>Tu si m\u00f4\u017eete stiahnu\u0165 aktu\u00e1lny cenn\u00edk na\u0161ich v\u00fdrobkov:<\/p>\t\t\t\t\t\t\t\t<\/div>\n\t\t\t\t<\/div>\n\t\t\t\t<\/div>\n\t\t<div class=\"elementor-element elementor-element-0295fef e-con-full e-flex e-con e-parent\" data-id=\"0295fef\" data-element_type=\"container\" data-e-type=\"container\">\n\t\t\t\t<div class=\"elementor-element elementor-element-3f193bd elementor-align-center elementor-widget elementor-widget-button\" data-id=\"3f193bd\" data-element_type=\"widget\" data-e-type=\"widget\" data-widget_type=\"button.default\">\n\t\t\t\t<div class=\"elementor-widget-container\">\n\t\t\t\t\t\t\t\t\t<div class=\"elementor-button-wrapper\">\n\t\t\t\t\t<a class=\"elementor-button elementor-button-link elementor-size-sm\" href=\"https:\/\/www.electron.sk\/wp-content\/uploads\/2024\/03\/CENNIK.pdf\" target=\"_blank\">\n\t\t\t\t\t\t<span class=\"elementor-button-content-wrapper\">\n\t\t\t\t\t\t\t\t\t<span class=\"elementor-button-text\">Cenn\u00edk<\/span>\n\t\t\t\t\t<\/span>\n\t\t\t\t\t<\/a>\n\t\t\t\t<\/div>\n\t\t\t\t\t\t\t\t<\/div>\n\t\t\t\t<\/div>\n\t\t\t\t<div class=\"elementor-element elementor-element-98d0bd7 elementor-align-center elementor-widget elementor-widget-button\" data-id=\"98d0bd7\" data-element_type=\"widget\" data-e-type=\"widget\" data-widget_type=\"button.default\">\n\t\t\t\t<div class=\"elementor-widget-container\">\n\t\t\t\t\t\t\t\t\t<div class=\"elementor-button-wrapper\">\n\t\t\t\t\t<a class=\"elementor-button elementor-button-link elementor-size-sm\" href=\"https:\/\/www.electron.sk\/wp-content\/uploads\/2024\/02\/TESP04_prenajom.pdf\" target=\"_blank\">\n\t\t\t\t\t\t<span class=\"elementor-button-content-wrapper\">\n\t\t\t\t\t\t\t\t\t<span class=\"elementor-button-text\">Pren\u00e1jom analyz\u00e1tora kvality elektrickej energie TESP04<\/span>\n\t\t\t\t\t<\/span>\n\t\t\t\t\t<\/a>\n\t\t\t\t<\/div>\n\t\t\t\t\t\t\t\t<\/div>\n\t\t\t\t<\/div>\n\t\t\t\t<\/div>\n\t\t<div class=\"elementor-element elementor-element-18015c1 e-con-full e-flex e-con e-parent\" data-id=\"18015c1\" data-element_type=\"container\" data-e-type=\"container\">\n\t\t\t\t<div class=\"elementor-element elementor-element-0aef3e9 elementor-widget elementor-widget-spacer\" data-id=\"0aef3e9\" data-element_type=\"widget\" data-e-type=\"widget\" data-widget_type=\"spacer.default\">\n\t\t\t\t<div class=\"elementor-widget-container\">\n\t\t\t\t\t\t\t<div class=\"elementor-spacer\">\n\t\t\t<div class=\"elementor-spacer-inner\"><\/div>\n\t\t<\/div>\n\t\t\t\t\t\t<\/div>\n\t\t\t\t<\/div>\n\t\t\t\t<\/div>\n\t\t<div class=\"elementor-element elementor-element-f17b5d1 e-flex e-con-boxed e-con e-parent\" data-id=\"f17b5d1\" data-element_type=\"container\" data-e-type=\"container\">\n\t\t\t\t\t<div class=\"e-con-inner\">\n\t\t<div class=\"elementor-element elementor-element-9fd0284 e-con-full e-flex e-con e-child\" data-id=\"9fd0284\" data-element_type=\"container\" data-e-type=\"container\">\n\t\t\t\t<\/div>\n\t\t<div class=\"elementor-element elementor-element-97559df e-con-full e-flex e-con e-child\" data-id=\"97559df\" data-element_type=\"container\" data-e-type=\"container\">\n\t\t\t\t<div class=\"elementor-element elementor-element-dde1065 elementor-widget__width-initial elementor-widget elementor-widget-image\" data-id=\"dde1065\" data-element_type=\"widget\" data-e-type=\"widget\" data-widget_type=\"image.default\">\n\t\t\t\t<div class=\"elementor-widget-container\">\n\t\t\t\t\t\t\t\t\t\t\t\t\t\t\t<img fetchpriority=\"high\" decoding=\"async\" width=\"600\" height=\"186\" src=\"https:\/\/www.electron.sk\/wp-content\/uploads\/2024\/02\/cropped-electron-v2-min-e1705768315623-1-e1709996087749-600x186.png\" class=\"attachment-woocommerce_single size-woocommerce_single wp-image-1232\" alt=\"\" srcset=\"https:\/\/www.electron.sk\/wp-content\/uploads\/2024\/02\/cropped-electron-v2-min-e1705768315623-1-e1709996087749-600x186.png 600w, https:\/\/www.electron.sk\/wp-content\/uploads\/2024\/02\/cropped-electron-v2-min-e1705768315623-1-e1709996087749-300x93.png 300w, https:\/\/www.electron.sk\/wp-content\/uploads\/2024\/02\/cropped-electron-v2-min-e1705768315623-1-e1709996087749-768x238.png 768w, https:\/\/www.electron.sk\/wp-content\/uploads\/2024\/02\/cropped-electron-v2-min-e1705768315623-1-e1709996087749-1024x317.png 1024w, https:\/\/www.electron.sk\/wp-content\/uploads\/2024\/02\/cropped-electron-v2-min-e1705768315623-1-e1709996087749-1536x475.png 1536w, https:\/\/www.electron.sk\/wp-content\/uploads\/2024\/02\/cropped-electron-v2-min-e1705768315623-1-e1709996087749.png 2007w\" sizes=\"(max-width: 600px) 100vw, 600px\" \/>\t\t\t\t\t\t\t\t\t\t\t\t\t\t\t<\/div>\n\t\t\t\t<\/div>\n\t\t\t\t<\/div>\n\t\t<div class=\"elementor-element elementor-element-42cdea9 e-con-full e-flex e-con e-child\" data-id=\"42cdea9\" data-element_type=\"container\" data-e-type=\"container\">\n\t\t\t\t<\/div>\n\t\t\t\t\t<\/div>\n\t\t\t\t<\/div>\n\t\t<div class=\"elementor-element elementor-element-e15c29c e-flex e-con-boxed e-con e-parent\" data-id=\"e15c29c\" data-element_type=\"container\" data-e-type=\"container\">\n\t\t\t\t\t<div class=\"e-con-inner\">\n\t\t\t\t<div class=\"elementor-element elementor-element-6681d4c elementor-widget elementor-widget-spacer\" data-id=\"6681d4c\" data-element_type=\"widget\" data-e-type=\"widget\" data-widget_type=\"spacer.default\">\n\t\t\t\t<div class=\"elementor-widget-container\">\n\t\t\t\t\t\t\t<div class=\"elementor-spacer\">\n\t\t\t<div class=\"elementor-spacer-inner\"><\/div>\n\t\t<\/div>\n\t\t\t\t\t\t<\/div>\n\t\t\t\t<\/div>\n\t\t\t\t\t<\/div>\n\t\t\t\t<\/div>\n\t\t\t\t<\/div>\n\t\t","protected":false},"excerpt":{"rendered":"<p>Aktu\u00e1lny cenn\u00edk Tu si m\u00f4\u017eete stiahnu\u0165 aktu\u00e1lny cenn\u00edk na\u0161ich v\u00fdrobkov: Cenn\u00edk Pren\u00e1jom analyz\u00e1tora kvality elektrickej energie TESP04<\/p>\n","protected":false},"author":1,"featured_media":0,"parent":568,"menu_order":0,"comment_status":"closed","ping_status":"closed","template":"elementor_header_footer","meta":{"footnotes":""},"class_list":["post-1005","page","type-page","status-publish","hentry"],"_links":{"self":[{"href":"https:\/\/www.electron.sk\/index.php?rest_route=\/wp\/v2\/pages\/1005","targetHints":{"allow":["GET"]}}],"collection":[{"href":"https:\/\/www.electron.sk\/index.php?rest_route=\/wp\/v2\/pages"}],"about":[{"href":"https:\/\/www.electron.sk\/index.php?rest_route=\/wp\/v2\/types\/page"}],"author":[{"embeddable":true,"href":"https:\/\/www.electron.sk\/index.php?rest_route=\/wp\/v2\/users\/1"}],"replies":[{"embeddable":true,"href":"https:\/\/www.electron.sk\/index.php?rest_route=%2Fwp%2Fv2%2Fcomments&post=1005"}],"version-history":[{"count":64,"href":"https:\/\/www.electron.sk\/index.php?rest_route=\/wp\/v2\/pages\/1005\/revisions"}],"predecessor-version":[{"id":2421,"href":"https:\/\/www.electron.sk\/index.php?rest_route=\/wp\/v2\/pages\/1005\/revisions\/2421"}],"up":[{"embeddable":true,"href":"https:\/\/www.electron.sk\/index.php?rest_route=\/wp\/v2\/pages\/568"}],"wp:attachment":[{"href":"https:\/\/www.electron.sk\/index.php?rest_route=%2Fwp%2Fv2%2Fmedia&parent=1005"}],"curies":[{"name":"wp","href":"https:\/\/api.w.org\/{rel}","templated":true}]}}